{"id":166115,"date":"2023-07-24T23:26:00","date_gmt":"2023-07-25T02:26:06","guid":{"rendered":"https:\/\/tolkeyenpatagonia.com\/?post_type=product&#038;p=166115"},"modified":"2026-01-22T16:47:07","modified_gmt":"2026-01-22T19:47:07","slug":"white-nights","status":"publish","type":"product","link":"https:\/\/tolkeyenpatagonia.com\/en\/product\/white-nights\/","title":{"rendered":"White Nights"},"content":{"rendered":"<h2 style=\"text-align: center\"><strong>EXPERIENCIA NOCHES BLANCAS EN CENTRO INVERNAL<\/strong><\/h2>\n<h3 style=\"text-align: center\"><span style=\"color: #34568a\"><b>EXPERIENCIA TOLKEYEN<\/b><\/span><\/h3>\n<div class=\"RichText3-paragraph--withVSpacingNormal RichText3-paragraph Typography Typography--m\">Noches Blancas: Para comenzar esta fant\u00e1stica aventura invernal, iniciamos con el pick up por el hotel aproximadamente 17.30h. Aqu\u00ed comienza la diversi\u00f3n con un plan excelente para disfrutar en el fin del mundo.<\/div>\n<div class=\"RichText3-paragraph--withVSpacingNormal RichText3-paragraph Typography Typography--m\">Una vez arribados iniciaremos la excursi\u00f3n con un trekking de baja dificultad utilizando raquetas de nieve sobre un pantano de turba congelada, mientras m\u00e1s nieve hay, m\u00e1s \u00fatiles son las raquetas. De esta forma podr\u00e1s conocer lugares incre\u00edbles, d\u00f3nde la nieve brinda un espect\u00e1culo diferentes.<\/div>\n<div class=\"RichText3-paragraph--withVSpacingNormal RichText3-paragraph Typography Typography--m\">Durante el recorrido estaremos siempre acompa\u00f1ados por un gu\u00eda para asistirlos y brindar informaci\u00f3n acerca del paisaje, flora y fauna que veremos.<\/div>\n<div class=\"RichText3-paragraph--withVSpacingNormal RichText3-paragraph Typography Typography--m\">Luego realizaremos un paseo en moto de nieve. Si nunca manejaste una, no ser\u00e1 ning\u00fan obst\u00e1culo. El gu\u00eda dar\u00e1 instrucciones precisas sobre c\u00f3mo hacerlo y en caso de no querer manejar, nosotros te llevaremos. En cada moto ir\u00e1n dos personas, en la mitad del circuito se har\u00e1 cambio de conductor para que ambas puedan manejar. Una vez finalizadas las actividades los estaremos esperando en nuestro acogedor restaurante con una deliciosa cena acompa\u00f1ada de bebidas ilimitadas para luego finalizar con un rico postre. Finalizada la cena emprenderemos nuestro regreso hacia la ciudad de Ushuaia dejando a cada uno en su respectivo alojamiento.<\/div>\n","protected":false},"excerpt":{"rendered":"<h2>Live a magical night in Ushuaia<\/h2>\n<p data-sourcepos=\"5:1-5:187\">Do you want to live a unique experience in Tierra del Fuego? The White Nights excursion in Ushuaia is the perfect opportunity to enjoy the beauty of the Patagonian winter.<\/p>\n<p data-sourcepos=\"7:1-7:157\">On this tour, you&#8217;ll ride through a frozen peat swamp with snowshoes and admire the starry sky.<\/p>\n<p data-sourcepos=\"9:1-9:173\">The excursion takes place from July to September, when Ushuaia experiences its white nights. During this period, the sun does not set, which creates a magical atmosphere full of charm.<\/p>\n<p data-sourcepos=\"9:1-9:173\">Reserve your place now and experience an unforgettable night in Ushuaia!<\/p>\n","protected":false},"featured_media":259179,"template":"","meta":[],"product_brand":[],"product_cat":[1213,1214,806],"product_tag":[],"class_list":{"0":"post-166115","1":"product","2":"type-product","3":"status-publish","4":"has-post-thumbnail","6":"destino-ushuaia-en-2","7":"mes-julio-en","8":"mes-agosto-en","9":"mes-septiembre-en","10":"epoca-invierno-en","11":"product_cat-foodie-en","12":"product_cat-winter-center","13":"product_cat-invierno-en","15":"first","16":"instock","17":"virtual","18":"sold-individually","19":"purchasable","20":"product-type-booking"},"acf":[],"_links":{"self":[{"href":"https:\/\/tolkeyenpatagonia.com\/en\/wp-json\/wp\/v2\/product\/166115","targetHints":{"allow":["GET"]}}],"collection":[{"href":"https:\/\/tolkeyenpatagonia.com\/en\/wp-json\/wp\/v2\/product"}],"about":[{"href":"https:\/\/tolkeyenpatagonia.com\/en\/wp-json\/wp\/v2\/types\/product"}],"wp:featuredmedia":[{"embeddable":true,"href":"https:\/\/tolkeyenpatagonia.com\/en\/wp-json\/wp\/v2\/media\/259179"}],"wp:attachment":[{"href":"https:\/\/tolkeyenpatagonia.com\/en\/wp-json\/wp\/v2\/media?parent=166115"}],"wp:term":[{"taxonomy":"product_brand","embeddable":true,"href":"https:\/\/tolkeyenpatagonia.com\/en\/wp-json\/wp\/v2\/product_brand?post=166115"},{"taxonomy":"product_cat","embeddable":true,"href":"https:\/\/tolkeyenpatagonia.com\/en\/wp-json\/wp\/v2\/product_cat?post=166115"},{"taxonomy":"product_tag","embeddable":true,"href":"https:\/\/tolkeyenpatagonia.com\/en\/wp-json\/wp\/v2\/product_tag?post=166115"}],"curies":[{"name":"wp","href":"https:\/\/api.w.org\/{rel}","templated":true}]}}