{"id":148647,"date":"2023-04-19T17:41:08","date_gmt":"2023-04-19T20:41:13","guid":{"rendered":"https:\/\/tolkeyenpatagonia.com\/?post_type=product&#038;p=148647"},"modified":"2024-10-28T17:24:36","modified_gmt":"2024-10-28T20:24:36","slug":"perito-moreno-glacier-transfers-copia-copia","status":"publish","type":"product","link":"https:\/\/tolkeyenpatagonia.com\/en\/product\/perito-moreno-glacier-transfers-copia-copia\/","title":{"rendered":"White Experience"},"content":{"rendered":"<h2 style=\"text-align: center;\"><strong>EXPERIENCIA BLANCA EN EL VALLE<\/strong><\/h2>\n<p style=\"text-align: center;\"><b>EXPERIENCIA TOLKEYEN<\/b><\/p>\n<p class=\"p1\">Saliendo de la ciudad de Ushuaia, transitaremos la ruta nacional Nro. 3, en direcci\u00f3n noreste, hacia los picos monta\u00f1osos, Monte Olivia y Cinco Hermanos.<\/p>\n<p class=\"p1\">En el recorrido llegaremos al Valle Carvajal donde realizaremos una parada fotogr\u00e1fica, observaremos glaciares de circo, valles colgantes y turberas en explotaci\u00f3n.<\/p>\n<p class=\"p1\">La segunda parada la realizaremos en un Centro Invernal donde tendremos una peque\u00f1a charla orientativa del lugar donde nos encontramos mientras disfrutamos de un delicioso caf\u00e9 de monta\u00f1a junto acompa\u00f1ado de un peque\u00f1o snack. Aqu\u00ed nos pondremos las raquetas de nieve para realizar una peque\u00f1a caminata, tomar fotograf\u00edas y disfrutar del imponente paisaje.<\/p>\n<p class=\"p1\">Continuamos nuestro recorrido, encontraremos valles de turba, peque\u00f1os glaciares, centros de ski de fondo y actividades de nieve, el complejo de ski alpino Cerro Castor, cascadas y ambientes modificados por el accionar de los Castores.<\/p>\n<p class=\"p1\">A partir del paraje Rancho Hambre, comenzamos a subir hacia el Paso Garibaldi, siguiendo el camino sinuoso, rodeado de bosques de Lengas y \u00d1ires.<\/p>\n<p class=\"p1\">En el Mirador del Paso Garibaldi, nos detendremos a disfrutar de vistas panor\u00e1micas del Lago Escondido, el Lago Fagnano y alrededores.<\/p>\n<p class=\"p1\">Luego de esta \u00faltima parada iniciaremos el regreso hacia la zona de los centros invernales. Una vez all\u00ed visitaremos el primer bar de Whisky de monta\u00f1a donde tendremos una peque\u00f1a charla y degustaci\u00f3n.<\/p>\n<p class=\"p1\">Antes de sentarnos a degustar el famoso cordero fueguino nos subiremos a las motos de nieve para realizar un paseo por los valles y bosques patag\u00f3nicos, tomar fotogr\u00e1ficas y disfrutar de esta experiencia \u00fanica.<\/p>\n<p class=\"p1\">Luego del almuerzo regresaremos a la ciudad de Ushuaia dejando a cada pasajero y su alojamiento correspondiente.<\/p>\n","protected":false},"excerpt":{"rendered":"<h2>White Experience: a journey through the most beautiful landscapes of Ushuaia<\/h2>\n<p data-sourcepos=\"5:1-5:219\">Can you imagine a trip through the most beautiful landscapes of Ushuaia? The White Experience is a one-day excursion that will take you to know the Carvajal Valley, Cerro Castor, the Garibaldi Pass and the Escondido and Fagnano lakes.<\/p>\n<p data-sourcepos=\"7:1-7:335\">In the Carvajal Valley, you can enjoy a landscape of lenga and \u00f1ire forests, and a viewpoint with panoramic views of the city. Garibaldi Pass is a natural viewpoint from which you can contemplate Lake Escondido and Lake Fagnano.<\/p>\n<p data-sourcepos=\"9:1-9:124\">The White Experience is a unique opportunity to discover the charms of Argentine Patagonia. Reserve your spot now!<\/p>\n","protected":false},"featured_media":225527,"template":"","meta":[],"product_brand":[],"product_cat":[1213,1214,1097,806],"product_tag":[],"class_list":{"0":"post-148647","1":"product","2":"type-product","3":"status-publish","4":"has-post-thumbnail","6":"destino-ushuaia-en-2","7":"mes-julio-en","8":"mes-agosto-en","9":"mes-septiembre-en","10":"epoca-invierno-en","11":"product_cat-foodie-en","12":"product_cat-winter-center","13":"product_cat-fuegian-lakes","14":"product_cat-invierno-en","16":"first","17":"instock","18":"virtual","19":"sold-individually","20":"purchasable","21":"product-type-booking"},"acf":[],"_links":{"self":[{"href":"https:\/\/tolkeyenpatagonia.com\/en\/wp-json\/wp\/v2\/product\/148647","targetHints":{"allow":["GET"]}}],"collection":[{"href":"https:\/\/tolkeyenpatagonia.com\/en\/wp-json\/wp\/v2\/product"}],"about":[{"href":"https:\/\/tolkeyenpatagonia.com\/en\/wp-json\/wp\/v2\/types\/product"}],"wp:featuredmedia":[{"embeddable":true,"href":"https:\/\/tolkeyenpatagonia.com\/en\/wp-json\/wp\/v2\/media\/225527"}],"wp:attachment":[{"href":"https:\/\/tolkeyenpatagonia.com\/en\/wp-json\/wp\/v2\/media?parent=148647"}],"wp:term":[{"taxonomy":"product_brand","embeddable":true,"href":"https:\/\/tolkeyenpatagonia.com\/en\/wp-json\/wp\/v2\/product_brand?post=148647"},{"taxonomy":"product_cat","embeddable":true,"href":"https:\/\/tolkeyenpatagonia.com\/en\/wp-json\/wp\/v2\/product_cat?post=148647"},{"taxonomy":"product_tag","embeddable":true,"href":"https:\/\/tolkeyenpatagonia.com\/en\/wp-json\/wp\/v2\/product_tag?post=148647"}],"curies":[{"name":"wp","href":"https:\/\/api.w.org\/{rel}","templated":true}]}}