{"id":147958,"date":"2023-04-18T18:34:21","date_gmt":"2023-04-18T21:34:25","guid":{"rendered":"https:\/\/tolkeyenpatagonia.com\/?post_type=product&#038;p=147958"},"modified":"2025-05-12T18:49:22","modified_gmt":"2025-05-12T21:49:22","slug":"calafate-landscapes-and-flavors","status":"publish","type":"product","link":"https:\/\/tolkeyenpatagonia.com\/en\/product\/calafate-landscapes-and-flavors\/","title":{"rendered":"Calafate, landscapes and flavors"},"content":{"rendered":"<h2><strong>EL CALAFATE, PAISAJES Y SABORES<\/strong><\/h2>\n<h3><b>EXPERIENCIA TOLKEYEN<\/b><\/h3>\n<p>Calafate, paisajes y sabores: Un recorrido tur\u00edstico a trav\u00e9s de El Calafate donde comprenderemos su crecimiento y evoluci\u00f3n en el tiempo, tendremos paradas en puntos panor\u00e1micos de la localidad y el lagoArgentino.<\/p>\n<p>Visitaremos el Glaciobar, donde exaltaremos los sentidos disfrutando de unos shots en el primer bar de hielo de Argentina a 16 grados bajo cero, una experiencia incre\u00edble disfrutando de tus bebidas favoritas a una tempretaura diferente.<\/p>\n<p>Continuamos nuestra visita al Glaciarium, donde nos explicar\u00e1n todo sobre los glaciares como introducci\u00f3n de esta experiencia en <strong>El Calafate<\/strong>. Glaciarium ofrece una visita al pasado, d\u00f3nde aprender\u00e1s sobre glaciolog\u00eda, aspectos importantes sobre c\u00f3mo han cambiado para tener las caracter\u00edasticas que conocemos y podemos ver en la actualizaz. Hay experiencias intereactivas, gigantograf\u00edas y experiencias sensoriales para toda la familia, Ac\u00e1 los ni\u00f1os tendr\u00e1s la posibilidad de aprender al mismo tiempo que se divierten en grande.<\/p>\n<p>El paseo finaliza recorriendo la costanera de la Bah\u00eda Redonda, all\u00ed podr\u00e1s avisar fauna aut\u00f3ctona y disfrutar se los mejores paisajes de este rinc\u00f3n para tener una deliciosa cena t\u00edpica en un Restaurant de la zona y disfrutar de los sabores de la Patagonia con vista al lago.<\/p>\n<p><img loading=\"lazy\" decoding=\"async\" class=\"alignnone size-medium wp-image-206670\" src=\"https:\/\/tolkeyenpatagonia.com\/wp-content\/uploads\/2023\/04\/Diseno-sin-titulo-2024-01-16T184150.382-1140x760.jpg\" alt=\"caminata por escenarios naturales el calafate\" width=\"1140\" height=\"760\" srcset=\"https:\/\/tolkeyenpatagonia.com\/wp-content\/uploads\/2023\/04\/Diseno-sin-titulo-2024-01-16T184150.382-1140x760.jpg 1140w, https:\/\/tolkeyenpatagonia.com\/wp-content\/uploads\/2023\/04\/Diseno-sin-titulo-2024-01-16T184150.382-768x512.jpg 768w, https:\/\/tolkeyenpatagonia.com\/wp-content\/uploads\/2023\/04\/Diseno-sin-titulo-2024-01-16T184150.382-600x400.jpg 600w, https:\/\/tolkeyenpatagonia.com\/wp-content\/uploads\/2023\/04\/Diseno-sin-titulo-2024-01-16T184150.382.jpg 1200w\" sizes=\"auto, (max-width: 1140px) 100vw, 1140px\" \/><\/p>\n<p><img loading=\"lazy\" decoding=\"async\" class=\"alignnone wp-image-206655 size-medium\" src=\"https:\/\/tolkeyenpatagonia.com\/wp-content\/uploads\/2023\/04\/Diseno-sin-titulo-2024-01-16T184027.733-1140x760.jpg\" alt=\"Calafate, paisajes y sabores\" width=\"1140\" height=\"760\" srcset=\"https:\/\/tolkeyenpatagonia.com\/wp-content\/uploads\/2023\/04\/Diseno-sin-titulo-2024-01-16T184027.733-1140x760.jpg 1140w, https:\/\/tolkeyenpatagonia.com\/wp-content\/uploads\/2023\/04\/Diseno-sin-titulo-2024-01-16T184027.733-768x512.jpg 768w, https:\/\/tolkeyenpatagonia.com\/wp-content\/uploads\/2023\/04\/Diseno-sin-titulo-2024-01-16T184027.733-600x400.jpg 600w, https:\/\/tolkeyenpatagonia.com\/wp-content\/uploads\/2023\/04\/Diseno-sin-titulo-2024-01-16T184027.733.jpg 1200w\" sizes=\"auto, (max-width: 1140px) 100vw, 1140px\" \/><\/p>\n<p><iframe loading=\"lazy\" title=\"El Calafate Sabores y paisajes\" width=\"500\" height=\"281\" src=\"https:\/\/www.youtube.com\/embed\/MYh-URIz8bQ?feature=oembed\" frameborder=\"0\" allow=\"accelerometer; autoplay; clipboard-write; encrypted-media; gyroscope; picture-in-picture; web-share\" referrerpolicy=\"strict-origin-when-cross-origin\" allowfullscreen><\/iframe><\/p>\n","protected":false},"excerpt":{"rendered":"<h2 data-sourcepos=\"3:1-3:177\">Landscapes and flavors in El Calafate<\/h2>\n<p data-sourcepos=\"3:1-3:177\">El Calafate is a city located in Argentine Patagonia, on the shores of Lake Argentino. It is a must-see tourist destination for lovers of nature and gastronomy.<\/p>\n<p data-sourcepos=\"5:1-5:28\"><strong>An unforgettable tour<\/strong><\/p>\n[embed]https:\/\/youtu.be\/hnh65v-anwQ[\/embed]\n<p data-sourcepos=\"7:1-7:75\">A tourist tour of El Calafate can include the following points:<\/p>\n<ul data-sourcepos=\"9:1-14:0\">\n<li data-sourcepos=\"9:1-9:156\"><strong>Visit to the historic center of the city:<\/strong> Here you can learn about the history and evolution of El Calafate, as well as its main cultural attractions.<\/li>\n<li data-sourcepos=\"10:1-10:145\"><strong>Walk along the Redonda Bay waterfront:<\/strong> From here you can enjoy beautiful views of Lake Argentino and the surrounding hills.<\/li>\n<li data-sourcepos=\"11:1-11:117\"><strong>Visit to the Glaciarium:<\/strong> This interactive museum offers extensive information about the glaciers of Patagonia.<\/li>\n<li data-sourcepos=\"12:1-12:88\"><strong>Visit to the Glaciobar:<\/strong> This ice bar is a unique experience for the senses.<\/li>\n<li data-sourcepos=\"13:1-14:0\"><strong>Typical Patagonian dinner:<\/strong> On the waterfront of Bah\u00eda Redonda there is a wide variety of restaurants where you can taste local cuisine.<\/li>\n<\/ul>\n<p><strong>For purchases made in less than 48 hours, contact us via WhatsApp.<\/strong><\/p>\n<p>Prices may vary depending on dates and seasons.<\/p>\n","protected":false},"featured_media":206668,"template":"","meta":[],"product_brand":[],"product_cat":[1261,1213,1108],"product_tag":[],"class_list":{"0":"post-147958","1":"product","2":"type-product","3":"status-publish","4":"has-post-thumbnail","6":"destino-calafate-en-2","7":"mes-marzo-en","8":"mes-noviembre-en","9":"mes-diciembre-en","10":"mes-enero-en","11":"mes-febrero-en","12":"mes-octubre-en","13":"epoca-verano-en","14":"product_cat-accessible-tourism","15":"product_cat-foodie-en","16":"product_cat-glaciers","18":"first","19":"instock","20":"virtual","21":"sold-individually","22":"purchasable","23":"product-type-booking"},"acf":[],"_links":{"self":[{"href":"https:\/\/tolkeyenpatagonia.com\/en\/wp-json\/wp\/v2\/product\/147958","targetHints":{"allow":["GET"]}}],"collection":[{"href":"https:\/\/tolkeyenpatagonia.com\/en\/wp-json\/wp\/v2\/product"}],"about":[{"href":"https:\/\/tolkeyenpatagonia.com\/en\/wp-json\/wp\/v2\/types\/product"}],"wp:featuredmedia":[{"embeddable":true,"href":"https:\/\/tolkeyenpatagonia.com\/en\/wp-json\/wp\/v2\/media\/206668"}],"wp:attachment":[{"href":"https:\/\/tolkeyenpatagonia.com\/en\/wp-json\/wp\/v2\/media?parent=147958"}],"wp:term":[{"taxonomy":"product_brand","embeddable":true,"href":"https:\/\/tolkeyenpatagonia.com\/en\/wp-json\/wp\/v2\/product_brand?post=147958"},{"taxonomy":"product_cat","embeddable":true,"href":"https:\/\/tolkeyenpatagonia.com\/en\/wp-json\/wp\/v2\/product_cat?post=147958"},{"taxonomy":"product_tag","embeddable":true,"href":"https:\/\/tolkeyenpatagonia.com\/en\/wp-json\/wp\/v2\/product_tag?post=147958"}],"curies":[{"name":"wp","href":"https:\/\/api.w.org\/{rel}","templated":true}]}}