{"id":134846,"date":"2021-04-12T14:37:14","date_gmt":"2023-02-15T01:19:02","guid":{"rendered":"https:\/\/tolkeyenpatagonia.com\/producto\/white-adventure-experience\/"},"modified":"2024-03-01T20:56:24","modified_gmt":"2024-03-01T23:56:24","slug":"white-adventure-experience","status":"publish","type":"product","link":"https:\/\/tolkeyenpatagonia.com\/en\/product\/white-adventure-experience\/","title":{"rendered":"White Adventure"},"content":{"rendered":"<h2 style=\"text-align: center;\"><strong>AVENTURA BLANCA EN CENTRO INVERNAL<\/strong><\/h2>\n<p>Se buscar\u00e1 a los pasajeros por sus hoteles o alojamientos y se los trasladar\u00e1 en nuestros exclusivos transfers hasta el valle Tierra Mayor, donde comenzar\u00e1 la aventura.<br \/>\nNuestro Guia nos llevara a recorrer el Parque Husky, donde podremos aprender sobre el cuidado de los perros, su entrenamiento y la historia. Visitaremos la muestra de exploradores y tendremos la oportunidad de interactuar con los perritos!<br \/>\nEn este gran valle nevado iniciamos la traves\u00eda en trineos tirado por Huskies, luego de atravesar el valle ingresamos al bosque por un antiguo camino de le\u00f1adores, en medio de este centenario bosque de Lengas.<br \/>\nRecorremos paisajes de ensue\u00f1o manejando nuestra moto de nieve. Al terminar el recorrido recuperamos calor\u00edas con un chocolate caliente al calor del hogar encendido.<br \/>\nRegreso al Hotel.<\/p>\n","protected":false},"excerpt":{"rendered":"<h2>Live the white adventure in Ushuaia<\/h2>\n<p data-sourcepos=\"5:1-5:237\">Can you imagine sliding through the snowy mountains of Ushuaia in a sled pulled by huskies? This is a unique experience that will allow you to enjoy nature in its purest form and live the white adventure in all its splendor.<\/p>\n<p data-sourcepos=\"7:1-7:235\">During this excursion you will tour the lenga and coihue forests, enjoying the impressive views of the Andes Mountains. You will also have the opportunity to learn about the history and culture of the region.<\/p>\n<p data-sourcepos=\"9:1-9:112\">Don&#8217;t miss this opportunity to live an unforgettable experience in Ushuaia. Book your excursion today!<\/p>\n","protected":false},"featured_media":154805,"template":"","meta":[],"product_brand":[],"product_cat":[1213,1214,806],"product_tag":[],"class_list":{"0":"post-134846","1":"product","2":"type-product","3":"status-publish","4":"has-post-thumbnail","6":"destino-ushuaia-en-2","7":"mes-julio-en","8":"mes-agosto-en","9":"mes-septiembre-en","10":"epoca-invierno-en","11":"product_cat-foodie-en","12":"product_cat-winter-center","13":"product_cat-invierno-en","15":"first","16":"instock","17":"shipping-taxable","18":"product-type-external"},"acf":[],"_links":{"self":[{"href":"https:\/\/tolkeyenpatagonia.com\/en\/wp-json\/wp\/v2\/product\/134846","targetHints":{"allow":["GET"]}}],"collection":[{"href":"https:\/\/tolkeyenpatagonia.com\/en\/wp-json\/wp\/v2\/product"}],"about":[{"href":"https:\/\/tolkeyenpatagonia.com\/en\/wp-json\/wp\/v2\/types\/product"}],"wp:featuredmedia":[{"embeddable":true,"href":"https:\/\/tolkeyenpatagonia.com\/en\/wp-json\/wp\/v2\/media\/154805"}],"wp:attachment":[{"href":"https:\/\/tolkeyenpatagonia.com\/en\/wp-json\/wp\/v2\/media?parent=134846"}],"wp:term":[{"taxonomy":"product_brand","embeddable":true,"href":"https:\/\/tolkeyenpatagonia.com\/en\/wp-json\/wp\/v2\/product_brand?post=134846"},{"taxonomy":"product_cat","embeddable":true,"href":"https:\/\/tolkeyenpatagonia.com\/en\/wp-json\/wp\/v2\/product_cat?post=134846"},{"taxonomy":"product_tag","embeddable":true,"href":"https:\/\/tolkeyenpatagonia.com\/en\/wp-json\/wp\/v2\/product_tag?post=134846"}],"curies":[{"name":"wp","href":"https:\/\/api.w.org\/{rel}","templated":true}]}}