{"id":133895,"date":"2021-04-15T21:39:57","date_gmt":"2023-02-15T00:35:29","guid":{"rendered":"https:\/\/tolkeyenpatagonia.com\/producto\/southern-spirit\/"},"modified":"2025-03-20T16:43:52","modified_gmt":"2025-03-20T19:43:52","slug":"southern-spirit","status":"publish","type":"product","link":"https:\/\/tolkeyenpatagonia.com\/en\/product\/southern-spirit\/","title":{"rendered":"Southern Spirit"},"content":{"rendered":"<h2 style=\"text-align: center;\">Naveg\u00e1 por el Canal de los t\u00e9mpanos<\/h2>\n<p>La excursi\u00f3n &#8220;Southern Spirit&#8221; es una experiencia inolvidable que consiste en una navegaci\u00f3n por el majestuoso Canal De Los T\u00e9mpanos del Lago Argentino. Esta traves\u00eda \u00fanica te permite admirar de cerca la impresionante pared Norte del Glaciar Perito Moreno y la famosa zona de ruptura, ofreciendo una perspectiva distinta y espectacular de este fen\u00f3meno natural.<\/p>\n<p>La aventura comienza en el puerto ubicado en la pintoresca bah\u00eda &#8220;Puerto Moreno&#8221;, situada aproximadamente a 1 kil\u00f3metro del Mirador del Glaciar. Este punto de partida es accesible y convenientemente cercano al mirador, facilitando el inicio de la excursi\u00f3n.<\/p>\n<p>La navegaci\u00f3n tiene una duraci\u00f3n aproximada de 1 hora. Durante este tiempo, el barco se aproxima a unos 300 metros de la imponente pared del Glaciar Perito Moreno. Esta cercan\u00eda permite a los pasajeros disfrutar de una vista detallada y fascinante de las caracter\u00edsticas del glaciar.<\/p>\n<h3>Experiencia Visual y Fotogr\u00e1fica<\/h3>\n<p>La excursi\u00f3n ofrece una oportunidad excepcional para observar las majestuosas paredes del Glaciar Perito Moreno desde el agua. Este \u00e1ngulo proporciona una apreciaci\u00f3n completa de la magnitud y belleza del glaciar, algo que no se puede experimentar desde tierra.<\/p>\n<p>Una de las atracciones m\u00e1s emocionantes de la navegaci\u00f3n es la posibilidad de presenciar los continuos desprendimientos de hielo que se producen en el glaciar. Estos eventos son espectaculares y a\u00f1aden una dosis de emoci\u00f3n y asombro a la excursi\u00f3n, haciendo que cada momento en el agua sea memorable.<\/p>\n<p>La proximidad al glaciar y las vistas panor\u00e1micas hacen de esta excursi\u00f3n una ocasi\u00f3n perfecta para la fotograf\u00eda y la filmaci\u00f3n. La luz, el color del hielo, y el entorno natural ofrecen un escenario ideal para capturar im\u00e1genes impresionantes y videos memorables.<\/p>\n<p>La excursi\u00f3n &#8220;Southern Spirit&#8221; es una forma extraordinaria de vivir el Glaciar Perito Moreno desde una perspectiva \u00fanica. La cercan\u00eda al glaciar, combinada con la posibilidad de observar sus desprendimientos y la oportunidad de capturar fotograf\u00edas y videos asombrosos, hacen de esta navegaci\u00f3n una experiencia inigualable. Esta traves\u00eda no solo permite apreciar la grandiosidad de uno de los glaciares m\u00e1s famosos del mundo, sino que tambi\u00e9n brinda una aventura emocionante y visualmente impresionante en el coraz\u00f3n de la Patagonia.<\/p>\n<p><img loading=\"lazy\" decoding=\"async\" class=\"aligncenter size-full wp-image-45261\" src=\"https:\/\/tolkeyenpatagonia.com\/wp-content\/uploads\/2021\/04\/Experiencia-en-Tolkeyen-Southern-Spirit-9.jpg\" alt=\"\" width=\"1042\" height=\"481\" \/><\/p>\n<h3><strong>Southern Spirit: Para compras con menos de 48 horas comunicarse por Whatsapp.<\/strong><\/h3>\n<p>Los precios pueden variar seg\u00fan fechas y temporadas.<\/p>\n","protected":false},"excerpt":{"rendered":"<h2 data-sourcepos=\"1:1-1:62\">Perito Moreno Glacier Navigation<\/h2>\n<p data-sourcepos=\"1:1-1:62\">Perito Moreno Glacier: a unique experience from the water<\/p>\n<p data-sourcepos=\"3:1-3:74\">Do you want to see the Perito Moreno glacier from a different perspective?<\/p>\n<p data-sourcepos=\"5:1-5:51\">Book your excursion to the Canal de los T\u00e9mpanos!<\/p>\n<p data-sourcepos=\"7:1-7:137\">This 1-hour excursion allows you to navigate Lake Argentino and appreciate the northern wall of the glacier, as well as the rift zone.<\/p>\n<p data-sourcepos=\"9:1-9:129\">You will get closer to 300 meters from the wall, which will allow you to observe the impressive ice falls in detail.<\/p>\n<p data-sourcepos=\"11:1-11:84\">This is an ideal experience for lovers of nature and photography.<\/p>\n<p data-sourcepos=\"13:1-13:70\">Book your excursion today and live an unforgettable experience!<\/p>\n<p data-sourcepos=\"15:1-15:15\">Benefits:<\/p>\n<ul data-sourcepos=\"17:1-22:0\">\n<li data-sourcepos=\"17:1-17:66\">See the Perito Moreno glacier from a different perspective<\/li>\n<li data-sourcepos=\"18:1-18:60\">Enjoy a 1-hour navigation on Lake Argentino<\/li>\n<li data-sourcepos=\"19:1-19:47\">Get within 300 meters of the glacier wall<\/li>\n<li data-sourcepos=\"20:1-20:54\">Observe the impressive ice slides<\/li>\n<li data-sourcepos=\"21:1-22:0\">Ideal for nature and photography lovers<\/li>\n<\/ul>\n<p data-sourcepos=\"23:1-23:53\">Book now and live an unforgettable experience!<\/p>\n","protected":false},"featured_media":54152,"template":"","meta":[],"product_brand":[],"product_cat":[1261,1108],"product_tag":[],"class_list":{"0":"post-133895","1":"product","2":"type-product","3":"status-publish","4":"has-post-thumbnail","6":"destino-calafate-en-2","7":"mes-marzo-en","8":"mes-noviembre-en","9":"mes-abril-en","10":"mes-diciembre-en","11":"mes-mayo-en","12":"mes-junio-en","13":"mes-julio-en","14":"mes-agosto-en","15":"mes-enero-en","16":"mes-septiembre-en","17":"mes-febrero-en","18":"mes-octubre-en","19":"epoca-verano-en","20":"epoca-invierno-en","21":"epoca-todo-el-ano-en","22":"product_cat-accessible-tourism","23":"product_cat-glaciers","25":"first","26":"instock","27":"virtual","28":"sold-individually","29":"purchasable","30":"product-type-booking"},"acf":[],"_links":{"self":[{"href":"https:\/\/tolkeyenpatagonia.com\/en\/wp-json\/wp\/v2\/product\/133895","targetHints":{"allow":["GET"]}}],"collection":[{"href":"https:\/\/tolkeyenpatagonia.com\/en\/wp-json\/wp\/v2\/product"}],"about":[{"href":"https:\/\/tolkeyenpatagonia.com\/en\/wp-json\/wp\/v2\/types\/product"}],"wp:featuredmedia":[{"embeddable":true,"href":"https:\/\/tolkeyenpatagonia.com\/en\/wp-json\/wp\/v2\/media\/54152"}],"wp:attachment":[{"href":"https:\/\/tolkeyenpatagonia.com\/en\/wp-json\/wp\/v2\/media?parent=133895"}],"wp:term":[{"taxonomy":"product_brand","embeddable":true,"href":"https:\/\/tolkeyenpatagonia.com\/en\/wp-json\/wp\/v2\/product_brand?post=133895"},{"taxonomy":"product_cat","embeddable":true,"href":"https:\/\/tolkeyenpatagonia.com\/en\/wp-json\/wp\/v2\/product_cat?post=133895"},{"taxonomy":"product_tag","embeddable":true,"href":"https:\/\/tolkeyenpatagonia.com\/en\/wp-json\/wp\/v2\/product_tag?post=133895"}],"curies":[{"name":"wp","href":"https:\/\/api.w.org\/{rel}","templated":true}]}}