{"id":133717,"date":"2021-12-10T16:20:35","date_gmt":"2023-02-14T23:03:54","guid":{"rendered":"https:\/\/tolkeyenpatagonia.com\/producto\/perito-moreno-glacier\/"},"modified":"2024-10-28T16:13:08","modified_gmt":"2024-10-28T19:13:08","slug":"perito-moreno-glacier","status":"publish","type":"product","link":"https:\/\/tolkeyenpatagonia.com\/en\/product\/perito-moreno-glacier\/","title":{"rendered":"Perito Moreno Glacier"},"content":{"rendered":"<h2><strong>Excursi\u00f3n al Glaciar Perito Moreno, El estruendo del hielo.\u00a0<\/strong><\/h2>\n<h4><b>EXPERIENCIA TOLKEYEN<\/b><\/h4>\n<p>Salida por la ruta Nro. 11, bordeando el Lago Argentino.<\/p>\n<p>Desde El Calafate al Glaciar perito Moreno media una distancia de 80 km, por camino asfaltado en su totalidad.<\/p>\n<p>Desde su inicio el viaje depara agradables sorpresas. Saliendo de la Localidad, a la derecha podemos observar el Lago Argentino con su Bah\u00eda Redonda.<\/p>\n<p>En ella se puede apreciar una variedad importante de avifauna, destac\u00e1ndose el cisne de cuello negro, flamenco, pato vapor, gallareta, cauqu\u00e9n. Se destaca el color amarillo del campo, esto se debe a sus pastos llamados coir\u00f3n, y entre ellos se destaca, el coir\u00f3n blanco y petiso.<\/p>\n<p>En los primeros 40 km se recorre la estepa patag\u00f3nica, pasando posteriormente a la entrada del Parque Nacional a observar la vegetaci\u00f3n arb\u00f3rea perteneciente en su gran mayor\u00eda de la familia \u201cnotofagus\u201d (\u00f1ires, guindos, lengas) y uno que otro canelo, y flores de diversos colores, entre las que se resalta el notro por su colorido rojo intenso correspondiendo la misma al Bosque Andino Patag\u00f3nico.<\/p>\n<p>Llegada a \u201cla curva de los suspiros\u201d llamada de esta forma pues es el primer punto de donde tenemos una vista panor\u00e1mica del Glaciar perito Moreno.<\/p>\n<p>Breve parada para tomar fotograf\u00edas y prosecuci\u00f3n a Puerto Bajo las Sombras.<\/p>\n<p>Aqu\u00ed existe la posibilidad de realizar la\u00a0<a title=\"Safari N\u00e1utico \" href=\"https:\/\/www.tolkeyenpatagonia.com\/tours\/navegacion-safari-nautico\/\"><strong>Navegaci\u00f3n Safari N\u00e1utico<\/strong><\/a>\u00a0por el brazo sur del Canal de los T\u00e9mpanos para tener diferentes vistas de la pared del Glaciar Perito Moreno. (DURACI\u00d3N: 1 hora).<\/p>\n<p><img loading=\"lazy\" decoding=\"async\" class=\"size-full wp-image-44639 aligncenter\" title=\"\" src=\"https:\/\/tolkeyenpatagonia.com\/wp-content\/uploads\/2019\/01\/Mapa-de-excursiones-en-El-Calafate-por-Tolkeyen-Patagonia.jpg\" sizes=\"auto, (min-width: 0px) and (max-width: 480px) 480px, (min-width: 481px) and (max-width: 980px) 980px, (min-width: 981px) and (max-width: 1280px) 1280px, (min-width: 1281px) 1920px, 100vw\" srcset=\"https:\/\/tolkeyenpatagonia.com\/wp-content\/uploads\/2019\/01\/Mapa-de-excursiones-en-El-Calafate-por-Tolkeyen-Patagonia.jpg 1920w, https:\/\/tolkeyenpatagonia.com\/wp-content\/uploads\/2019\/01\/Mapa-de-excursiones-en-El-Calafate-por-Tolkeyen-Patagonia-1280x513.jpg 1280w, https:\/\/tolkeyenpatagonia.com\/wp-content\/uploads\/2019\/01\/Mapa-de-excursiones-en-El-Calafate-por-Tolkeyen-Patagonia-980x393.jpg 980w, https:\/\/tolkeyenpatagonia.com\/wp-content\/uploads\/2019\/01\/Mapa-de-excursiones-en-El-Calafate-por-Tolkeyen-Patagonia-480x192.jpg 480w\" alt=\"\" width=\"1920\" height=\"769\" \/><\/p>\n<p>De regreso al Puerto, nos dirigimos a las Pasarelas donde tendremos un sector de servicios para los visitantes y un sistema de balcones y pasarelas que permiten realizar caminatas por diferentes recorridos y acceder a diferentes vistas realmente incre\u00edbles del Glaciar y de la cercan\u00eda al mismo.<\/p>\n<p>Luego de un tiempo libre para caminatas y almuerzo (opcional), se inicia el regreso hacia El Calafate.<\/p>\n<p><img loading=\"lazy\" decoding=\"async\" class=\"size-full wp-image-44640 aligncenter\" title=\"\" src=\"https:\/\/tolkeyenpatagonia.com\/wp-content\/uploads\/2019\/01\/Mapa-de-excursiones-en-El-Calafate-y-El-Chalten-de-Tolkeyen-Patagonia.jpg\" sizes=\"auto, (min-width: 0px) and (max-width: 480px) 480px, (min-width: 481px) 595px, 100vw\" srcset=\"https:\/\/tolkeyenpatagonia.com\/wp-content\/uploads\/2019\/01\/Mapa-de-excursiones-en-El-Calafate-y-El-Chalten-de-Tolkeyen-Patagonia.jpg 595w, https:\/\/tolkeyenpatagonia.com\/wp-content\/uploads\/2019\/01\/Mapa-de-excursiones-en-El-Calafate-y-El-Chalten-de-Tolkeyen-Patagonia-480x679.jpg 480w\" alt=\"\" width=\"595\" height=\"842\" \/><\/p>\n<p>&nbsp;<\/p>\n","protected":false},"excerpt":{"rendered":"<h2 data-sourcepos=\"5:1-5:258\">Visit to the Perito Moreno Glacier in Los Glaciares National Park<\/h2>\n<p data-sourcepos=\"5:1-5:258\">With our excursion, you can live this unique and memorable experience, visiting the Perito Moreno glacier, one of the largest glaciers in the world.<\/p>\n<p data-sourcepos=\"7:1-7:266\">During the trip, you can optionally take a 1-hour navigation through Lake Argentino, from where you can see the glacier up close. You can also take a walk along the wooden walkway in front of the glacier, to enjoy a privileged view.<\/p>\n<p data-sourcepos=\"9:1-9:82\">Our excursion is suitable for people of all ages and physical conditions.<\/p>\n<p data-sourcepos=\"13:1-13:59\">Reserve your place now and live an unforgettable experience in the Land of Glaciers!<\/p>\n","protected":false},"featured_media":307075,"template":"","meta":[],"product_brand":[],"product_cat":[1261,1108],"product_tag":[],"class_list":{"0":"post-133717","1":"product","2":"type-product","3":"status-publish","4":"has-post-thumbnail","6":"destino-calafate-en-2","7":"mes-marzo-en","8":"mes-noviembre-en","9":"mes-abril-en","10":"mes-diciembre-en","11":"mes-mayo-en","12":"mes-junio-en","13":"mes-julio-en","14":"mes-agosto-en","15":"mes-enero-en","16":"mes-septiembre-en","17":"mes-febrero-en","18":"mes-octubre-en","19":"epoca-verano-en","20":"epoca-invierno-en","21":"epoca-todo-el-ano-en","22":"product_cat-accessible-tourism","23":"product_cat-glaciers","25":"first","26":"instock","27":"sale","28":"virtual","29":"sold-individually","30":"purchasable","31":"product-type-booking"},"acf":[],"_links":{"self":[{"href":"https:\/\/tolkeyenpatagonia.com\/en\/wp-json\/wp\/v2\/product\/133717","targetHints":{"allow":["GET"]}}],"collection":[{"href":"https:\/\/tolkeyenpatagonia.com\/en\/wp-json\/wp\/v2\/product"}],"about":[{"href":"https:\/\/tolkeyenpatagonia.com\/en\/wp-json\/wp\/v2\/types\/product"}],"wp:featuredmedia":[{"embeddable":true,"href":"https:\/\/tolkeyenpatagonia.com\/en\/wp-json\/wp\/v2\/media\/307075"}],"wp:attachment":[{"href":"https:\/\/tolkeyenpatagonia.com\/en\/wp-json\/wp\/v2\/media?parent=133717"}],"wp:term":[{"taxonomy":"product_brand","embeddable":true,"href":"https:\/\/tolkeyenpatagonia.com\/en\/wp-json\/wp\/v2\/product_brand?post=133717"},{"taxonomy":"product_cat","embeddable":true,"href":"https:\/\/tolkeyenpatagonia.com\/en\/wp-json\/wp\/v2\/product_cat?post=133717"},{"taxonomy":"product_tag","embeddable":true,"href":"https:\/\/tolkeyenpatagonia.com\/en\/wp-json\/wp\/v2\/product_tag?post=133717"}],"curies":[{"name":"wp","href":"https:\/\/api.w.org\/{rel}","templated":true}]}}