{"id":131035,"date":"2019-07-15T12:19:15","date_gmt":"2023-01-25T12:50:15","guid":{"rendered":"https:\/\/tolkeyenpatagonia.com\/producto\/calafate-balconies\/"},"modified":"2025-03-16T15:38:50","modified_gmt":"2025-03-16T18:38:50","slug":"calafate-balconies","status":"publish","type":"product","link":"https:\/\/tolkeyenpatagonia.com\/en\/product\/calafate-balconies\/","title":{"rendered":"Calafate Balconies"},"content":{"rendered":"<h2>Imperdibles paisajes para conocer en El Calafate<\/h2>\n<div><\/div>\n<div class=\"trip-description\">Balcones de Calafate: Desde la cima del Cerro Huyliche -imponente mirador natural- se puede disfrutar de una vista panor\u00e1mica de El Calafate, de la Cordillera de los Andes, del cuerpo central del lago Argentino y del Brazo Sur, en los d\u00edas despejados tambi\u00e9n se podr\u00e1 apreciar la cumbre del Monte Fitz Roy y el campo de Hielo Patag\u00f3nico Sur.<\/div>\n<h3><\/h3>\n<h3>A tener en cuenta en Balcones de Calafate<\/h3>\n<div class=\"highlight my-4\">\n<div class=\"highlight-item\">\n<div class=\"icon\">\n<div class=\"highlight my-4\">\n<div class=\"highlight-item\">\n<div class=\"caption\">\n<p><strong>Horarios<\/strong><\/p>\n<ul class=\"m-0 p-0\">\n<li class=\"d-block\">AM y PM a confirmar &#8211; to be confirmed<\/li>\n<\/ul>\n<\/div>\n<\/div>\n<div class=\"highlight-item\">\n<div class=\"caption\"><strong>Tipo:\u00a0<\/strong>Servicio regular<\/div>\n<\/div>\n<div class=\"highlight-item\">\n<div class=\"icon\"><\/div>\n<div class=\"caption\"><strong>Dificultad:<\/strong>\u00a0Baja, no requiere esfuerzo f\u00edsico<\/div>\n<\/div>\n<div class=\"highlight-item\">\n<div class=\"icon\"><\/div>\n<div class=\"caption\"><strong>Incluye:<\/strong><br \/>\nGu\u00eda biling\u00fce espa\u00f1ol &#8211; ingl\u00e9s<br \/>\nTraslado desde y hasta su hotel<br \/>\nMerienda<\/div>\n<\/div>\n<div class=\"highlight-item\">\n<div class=\"icon\"><\/div>\n<div class=\"caption\"><strong>Qu\u00e9 llevar:<\/strong> Indumentaria apropiada para actividades outdoor y trekking (abrigado e impermeable). Calzado c\u00f3modo, pantalones holgados (nylon\/polyester), campera o rompevientos, polar adicional, anteojos de sol, gorro, protector solar.<\/div>\n<\/div>\n<div class=\"highlight-item\">\n<div class=\"icon\"><\/div>\n<div class=\"caption\"><strong>Clima:<\/strong>\u00a0El clima en Patagonia Austral es muy inestable por lo tanto es posible tener las 4 estaciones en un mismo d\u00eda.<br \/>\nPara m\u00e1s informaci\u00f3n, consulte el pron\u00f3stico m\u00e1s abajo.<\/div>\n<\/div>\n<h3>Detalles importantes para el viaje Balcones de Calafate<\/h3>\n<\/div>\n<\/div>\n<h3><strong style=\"font-size: 16px;\">Pol\u00edticas de Cancelaci\u00f3n:<\/strong><\/h3>\n<div class=\"icon\">\n<div class=\"highlight my-4\">\n<div class=\"highlight-item\">\n<div class=\"caption\">\u00a0M\u00e1s de 3 d\u00edas de antelaci\u00f3n: Sin Cargo<br \/>\nCancelaci\u00f3n realizada hasta dentro de los 3 d\u00edas antes de la fecha de excursi\u00f3n, tendr\u00e1 una penalidad equivalente el 100% del valor de la excursi\u00f3n.<br \/>\nReserva No-Show (no se presenta el d\u00eda de la excursi\u00f3n) tiene una penalidad del 100% sin opci\u00f3n de cr\u00e9dito, ni cambio de fecha de la excursi\u00f3n.<br \/>\nModificaciones que impliquen cambio de fecha o suspensi\u00f3n de servicios ser\u00e1 considerado como cancelaci\u00f3n.<\/div>\n<\/div>\n<div class=\"highlight-item\">\n<div class=\"icon\"><\/div>\n<div class=\"caption\"><strong>Restricciones:<\/strong>\u00a0Solo excluyente para personas con problemas de columna o cuello y no recomendada para menores de 4 a\u00f1os. No apto para embarazadas.<\/div>\n<\/div>\n<\/div>\n<div class=\"trip-description\">\n<p>Desde El Calafate, en tan solo minutos, comenzaremos el ascenso al cord\u00f3n Huyliche. El recorrido comienza transitando por las laderas del Ca\u00f1adon del Arroyo Calafate, desde donde podremos avistar la fauna aut\u00f3ctona: guanacos, zorros, liebres, loicas, bandurrias, caranchos y halcones entre otras especies.<\/p>\n<p>Continuaremos recorriendo el sinuoso camino en ascenso rodeado de bloques err\u00e1ticos. Estos son testigos del poder de la erosi\u00f3n de los glaciares hasta el Primer Balc\u00f3n, escenario de la Era Cenozoica, datada en 65 millones de a\u00f1os de antig\u00fcedad, sobre el lecho de un antiguo mar que se expone en forma de f\u00f3siles, sedimento y trozos de vegetaci\u00f3n fosilizada.<\/p>\n<p>Se trata de una formaci\u00f3n del per\u00edodo Cret\u00e1cico que data de 85 millones de a\u00f1os de antig\u00fcedad. Alguna vez fue el lecho de un r\u00edo: actualmente podemos encontrar restos f\u00f3siles que nos permiten ser testigos hoy de ese pasado milenario.<\/p>\n<p>Tomamos un snack en algun punto panoramico elegido por todos y luego\u00a0iniciamos el descenso por la ladera norte del cerro hasta la<strong>\u00a0Piedra de los Sombreros<\/strong>, curiosas concreciones de hierro que solo se encuentran en cuatro lugares del mundo. Luego de este viaje a otras eras de la historia del mundo, retornamos hacia El Calafate con la vista siempre en el omnipresente\u00a0<strong>Lago Argentino<\/strong>.<\/p>\n<p>Luego de descender de los veh\u00edculos unos minutos, continuaremos hasta los 1100 msnm hacia los Balcones superiores. Estos son un punto panor\u00e1mico de las Cordillera de los Andes, el Hielo Continental Patagonico y todos los brazos del Lago Argentino, rodeado de curiosas formaciones rocosas.<\/p>\n<p>Los d\u00edas despejados se pueden apreciar desde el cerro Stokes hasta los cerros Fitz Roy y el Torre, en el Chalten, como tambien el Hielo Continental Patagonico sobre la Cordillera. Si el Valle esta nublado, podremos ver la Cordillera por sobre las nubes -que normalmente se ubican en los 700 metros- unos 400 por debajo de nuestra posici\u00f3n.<\/p>\n<p>Adem\u00e1s de las inolvidables vistas del Lago Argentino, Brazo Rico, la Garganta del Diablo y la Cordillera, la ubicaci\u00f3n de los Balcones por sobre los nidos de los c\u00f3ndores, lo convierte en un lugar ideal para apreciar el majestuoso vuelo del Condor Andino, ave de mayor envergadura de la Patagonia Continental.<\/p>\n<p>La bajada en 4&#215;4 la emprenderemos por la ladera sur del cerro, donde nos detendremos para realizar una caminata hacia el Laberinto de las Piedras, curiosa formaci\u00f3n rocosa producto de la erosi\u00f3n del viento durante miles de a\u00f1os, donde encontraremos f\u00f3siles marinos, diversas rocas y piedras particulares y fantasticas cuevas producto de la erosion, sitio fantastico para fotografias inolvidables. *En \u00e9pocas de deshielo o\u00a0de fuertes lluvias, esta parada no se realiza*.<\/p>\n<p>&nbsp;<\/p>\n<\/div>\n<\/div>\n<\/div>\n<\/div>\n","protected":false},"excerpt":{"rendered":"<h2 data-sourcepos=\"1:1-1:63\"><strong>Admire the beauty of Patagonia from Cerro Huyliche!<\/strong><\/h2>\n<p data-sourcepos=\"3:1-3:124\">Can you imagine enjoying a panoramic view of El Calafate, the Andes Mountains, Lake Argentino and the South Arm?<\/p>\n<p data-sourcepos=\"5:1-5:65\"><strong>With the Cerro Huyliche 4&#215;4 excursion, you can make it a reality.<\/strong><\/p>\n<p data-sourcepos=\"7:1-7:132\">On this full-day tour, you will ascend by 4&#215;4 to 1100 meters high, where you will be able to enjoy unparalleled views.<\/p>\n<p data-sourcepos=\"9:1-9:37\">During the tour, you will also be able to:<\/p>\n<ul data-sourcepos=\"11:1-15:0\">\n<li data-sourcepos=\"11:1-11:85\">Appreciate the native fauna of Patagonia, such as guanacos, foxes, hares and birds.<\/li>\n<li data-sourcepos=\"12:1-12:58\">Visit the First Balcony, scene of the Cenozoic Era.<\/li>\n<li data-sourcepos=\"13:1-13:69\">Observe the Labyrinth of Stones, a curious rock formation.<\/li>\n<li data-sourcepos=\"14:1-15:0\">Have lunch at Estancia Huyliche.<\/li>\n<\/ul>\n<p data-sourcepos=\"16:1-16:40\"><strong>What are you waiting for to reserve your place?<\/strong><\/p>\n<p data-sourcepos=\"18:1-18:69\"><strong>Book now and live an unforgettable experience in Patagonia.<\/strong><\/p>\n","protected":false},"featured_media":53758,"template":"","meta":[],"product_brand":[],"product_cat":[1261,1147],"product_tag":[],"class_list":{"0":"post-131035","1":"product","2":"type-product","3":"status-publish","4":"has-post-thumbnail","6":"destino-calafate-en-2","7":"mes-marzo-en","8":"mes-noviembre-en","9":"mes-abril-en","10":"mes-diciembre-en","11":"mes-mayo-en","12":"mes-junio-en","13":"mes-julio-en","14":"mes-agosto-en","15":"mes-enero-en","16":"mes-septiembre-en","17":"mes-febrero-en","18":"mes-octubre-en","19":"epoca-verano-en","20":"epoca-invierno-en","21":"epoca-todo-el-ano-en","22":"product_cat-accessible-tourism","23":"product_cat-adventure-turism","25":"first","26":"instock","27":"shipping-taxable","28":"product-type-external"},"acf":[],"_links":{"self":[{"href":"https:\/\/tolkeyenpatagonia.com\/en\/wp-json\/wp\/v2\/product\/131035","targetHints":{"allow":["GET"]}}],"collection":[{"href":"https:\/\/tolkeyenpatagonia.com\/en\/wp-json\/wp\/v2\/product"}],"about":[{"href":"https:\/\/tolkeyenpatagonia.com\/en\/wp-json\/wp\/v2\/types\/product"}],"wp:featuredmedia":[{"embeddable":true,"href":"https:\/\/tolkeyenpatagonia.com\/en\/wp-json\/wp\/v2\/media\/53758"}],"wp:attachment":[{"href":"https:\/\/tolkeyenpatagonia.com\/en\/wp-json\/wp\/v2\/media?parent=131035"}],"wp:term":[{"taxonomy":"product_brand","embeddable":true,"href":"https:\/\/tolkeyenpatagonia.com\/en\/wp-json\/wp\/v2\/product_brand?post=131035"},{"taxonomy":"product_cat","embeddable":true,"href":"https:\/\/tolkeyenpatagonia.com\/en\/wp-json\/wp\/v2\/product_cat?post=131035"},{"taxonomy":"product_tag","embeddable":true,"href":"https:\/\/tolkeyenpatagonia.com\/en\/wp-json\/wp\/v2\/product_tag?post=131035"}],"curies":[{"name":"wp","href":"https:\/\/api.w.org\/{rel}","templated":true}]}}