{"id":130953,"date":"2021-06-08T21:04:50","date_gmt":"2023-01-25T11:31:59","guid":{"rendered":"https:\/\/tolkeyenpatagonia.com\/producto\/huyliche-hill-and-zip-line\/"},"modified":"2025-03-16T15:28:24","modified_gmt":"2025-03-16T18:28:24","slug":"huyliche-hill-and-zip-line","status":"publish","type":"product","link":"https:\/\/tolkeyenpatagonia.com\/en\/product\/huyliche-hill-and-zip-line\/","title":{"rendered":"Huyliche Hill and Zip Line"},"content":{"rendered":"<h2><strong>CERRO HUYLICHE Y TIROLESA<\/strong><\/h2>\n<h3><strong>EXPERIENCIA TOLKEYEN<\/strong><\/h3>\n<p>Cerro Huyliche y Tirolesa: Desde El Calafate, en tan solo minutos, comenzaremos el ascenso al cord\u00f3n Huyliche, el recorrido comienza transitando por las laderas del Ca\u00f1ad\u00f3n del Arroyo Calafate, desde donde podremos avistar la fauna aut\u00f3ctona: guanacos, zorros, liebres, loicas, bandurrias, caranchos y halcones entre otras especies.<\/p>\n<p>Continuaremos recorriendo el sinuoso camino en ascenso rodeado de bloques err\u00e1ticos, testigos del poder de la erosi\u00f3n de los glaciares hasta el Primer Balc\u00f3n, escenario de la Era Cenozoica, datada en 65 millones de a\u00f1os de antig\u00fcedad, sobre el lecho de un antiguo mar que se expone en forma de f\u00f3siles, sedimento y trozos de vegetaci\u00f3n fosilizada.<\/p>\n<p>Luego de descender de los veh\u00edculos unos minutos, continuaremos hasta los 1100 msnm, los Balcones superiores, punto panor\u00e1mico de las Cordillera de los Andes, el Hielo Continental Patag\u00f3nico y todos los brazos del Lago Argentino, rodeado de curiosas formaciones rocosas. Los d\u00edas despejados se pueden apreciar desde el cerro Stokes hasta los cerros Fitz Roy y el Torre, en el Chalten, como tambi\u00e9n el Hielo Continental Patag\u00f3nico sobre la Cordillera. Adem\u00e1s de las inolvidables vistas del Lago Argentino, Brazo Rico, la Garganta del Diablo y la Cordillera, la ubicaci\u00f3n de los Balcones por sobre los nidos de los c\u00f3ndores, lo convierte en un lugar ideal para apreciar el majestuoso vuelo del C\u00f3ndor Andino, ave de mayor envergadura de la Patagonia Continental.<\/p>\n<h3>Sobre las actividades en Cerro Huyliche y Tirolesa<\/h3>\n<p><strong>Descenso en 4&#215;4:<\/strong><\/p>\n<p>La bajada en 4&#215;4 la emprenderemos por la ladera sur del cerro, donde nos detendremos para realizar una caminata hacia el Laberinto de las Piedras, curiosa formaci\u00f3n rocosa producto de la erosi\u00f3n del viento durante miles de a\u00f1os, donde encontraremos f\u00f3siles marinos, restos ind\u00edgenas, diversas rocas y piedras particulares y fant\u00e1sticas cuevas producto de la erosi\u00f3n, sitio fant\u00e1stico para fotograf\u00edas inolvidables.<\/p>\n<p><strong>Descenso Tirolesa:<\/strong><\/p>\n<p>M\u00e1xima aventura descendiendo por nuestro exclusivo circuito de 5 l\u00edneas de zipline de 2920 metros de longitud. Proveeremos de todo el equipo necesario para disfrutar de esta experiencia \u00fanica de sobrevolar la monta\u00f1a tal como solo los c\u00f3ndores pueden hacerlo. El descenso se realiza junto a 2 de nuestros gu\u00edas.<\/p>\n<p>La modalidad Zip-line es la elegida por quienes buscan la m\u00e1xima aventura ya que podr\u00e1n descender por el circuito de 5 l\u00edneas de lanzamiento por nuestra exclusiva ZipLine de 2.920m de longitud. Proporcionaremos todo el equipo necesario para disfrutar de esta experiencia \u00fanica de sobrevolar la monta\u00f1a como solo los c\u00f3ndores pueden hacerlo. El descenso se realiza con 2 de nuestros gu\u00edas.<\/p>\n<p>Continuando el descenso arribaremos a la Estancia Huyliche, hist\u00f3rico establecimiento ganadero en actividad y que data de la d\u00e9cada de 1920, \u00e9poca de los hist\u00f3ricos acontecimientos conocidos como la Patagonia Rebelde, visitaremos el hist\u00f3rico galp\u00f3n de esquila, el que sirve de marco a los gu\u00edas para brindar su charla, luego ingresaremos en la casona mas antigua de la estancia para disfrutar del almuerzo o la merienda.<\/p>\n<p>** La excursi\u00f3n Cerro Huyliche 4&#215;4 tiene 3 opciones para realizar la bajada: 4&#215;4, Tirolesa o Trekking. Si viaja en familia o con amigos y eligen opciones distintas compartir\u00e1n el ascenso al cerro en 4&#215;4 y el tiempo en el casco de la Estancia Huyliche.<\/p>\n<p>*La excursi\u00f3n es bilingue, espa\u00f1ol\/Ingles.<br \/>\n*Notas sobre descenso en ZIPLINE: Circuito exclusivo de 5 l\u00edneas de 2.920mts de longitud.<\/p>\n<p>&nbsp;<\/p>\n<h3><strong>CONSULTANOS POR ESTA EXPERIENCIA<\/strong><\/h3>\n<p><strong>Para compras con menos de 48 horas comunicarse por Whatsapp.<\/strong><\/p>\n<p>Los precios pueden variar seg\u00fan fechas y temporadas.<\/p>\n","protected":false},"excerpt":{"rendered":"<h2>Cerro Huyliche: adrenaline and nature<\/h2>\n<p data-sourcepos=\"5:1-5:147\">Do you like strong emotions? Do you want to enjoy Patagonian nature? Then don&#8217;t miss the excursion to Cerro Huyliche and Zip Line.<\/p>\n<p data-sourcepos=\"7:1-7:218\">In this exciting adventure, you will ascend to the top of a 1,200 meter high mountain aboard a 4&#215;4 vehicle. Once there, you can enjoy impressive views of Lake Argentino and the surrounding area.<\/p>\n<p data-sourcepos=\"9:1-9:201\">For the descent, you will have the option of doing it on a zip line. A circuit of 5 lines of more than 2,900 meters in length will allow you to slide at high speed through the mountain, as if you were a condor.<\/p>\n<p data-sourcepos=\"11:1-11:135\">This excursion is perfect for those looking for a unique and adrenaline-filled experience. Reserve your spot now and live the adventure!<\/p>\n","protected":false},"featured_media":54166,"template":"","meta":[],"product_brand":[],"product_cat":[1261,1147],"product_tag":[],"class_list":{"0":"post-130953","1":"product","2":"type-product","3":"status-publish","4":"has-post-thumbnail","6":"destino-calafate-en-2","7":"mes-marzo-en","8":"mes-noviembre-en","9":"mes-abril-en","10":"mes-diciembre-en","11":"mes-mayo-en","12":"mes-junio-en","13":"mes-julio-en","14":"mes-agosto-en","15":"mes-enero-en","16":"mes-septiembre-en","17":"mes-febrero-en","18":"mes-octubre-en","19":"epoca-verano-en","20":"epoca-invierno-en","21":"epoca-todo-el-ano-en","22":"product_cat-accessible-tourism","23":"product_cat-adventure-turism","25":"first","26":"instock","27":"shipping-taxable","28":"product-type-external"},"acf":[],"_links":{"self":[{"href":"https:\/\/tolkeyenpatagonia.com\/en\/wp-json\/wp\/v2\/product\/130953","targetHints":{"allow":["GET"]}}],"collection":[{"href":"https:\/\/tolkeyenpatagonia.com\/en\/wp-json\/wp\/v2\/product"}],"about":[{"href":"https:\/\/tolkeyenpatagonia.com\/en\/wp-json\/wp\/v2\/types\/product"}],"wp:featuredmedia":[{"embeddable":true,"href":"https:\/\/tolkeyenpatagonia.com\/en\/wp-json\/wp\/v2\/media\/54166"}],"wp:attachment":[{"href":"https:\/\/tolkeyenpatagonia.com\/en\/wp-json\/wp\/v2\/media?parent=130953"}],"wp:term":[{"taxonomy":"product_brand","embeddable":true,"href":"https:\/\/tolkeyenpatagonia.com\/en\/wp-json\/wp\/v2\/product_brand?post=130953"},{"taxonomy":"product_cat","embeddable":true,"href":"https:\/\/tolkeyenpatagonia.com\/en\/wp-json\/wp\/v2\/product_cat?post=130953"},{"taxonomy":"product_tag","embeddable":true,"href":"https:\/\/tolkeyenpatagonia.com\/en\/wp-json\/wp\/v2\/product_tag?post=130953"}],"curies":[{"name":"wp","href":"https:\/\/api.w.org\/{rel}","templated":true}]}}