{"id":130708,"date":"2022-01-11T16:19:02","date_gmt":"2023-01-24T18:58:50","guid":{"rendered":"https:\/\/tolkeyenpatagonia.com\/producto\/full-day-chalten-libre\/"},"modified":"2024-04-18T13:49:56","modified_gmt":"2024-04-18T16:49:56","slug":"full-day-chalten-trekking-2","status":"publish","type":"product","link":"https:\/\/tolkeyenpatagonia.com\/en\/product\/full-day-chalten-trekking-2\/","title":{"rendered":"Full Day Chalt\u00e9n Libre"},"content":{"rendered":"<h2><strong>TRASLADO CHALT\u00c9N LIBRE &#8211;\u00a0 <\/strong><b>EXPERIENCIA TOLKEYEN\u00a0<\/b><\/h2>\n<p>Salida desde los hoteles de El Calafate a partir de las 7.00am y consecuci\u00f3n hacia El Chalt\u00e9n.<\/p>\n<p>Despu\u00e9s de una vista incre\u00edble del lago Argentino desde su naciente, llegaremos a La Leona, parador y lugar hist\u00f3rico. Seguiremos hacia el norte para encontrarnos con el lago Viedma y la vista del incre\u00edble Fitz Roy y Cerro Torre.<\/p>\n<p>En el camino es posible ver guanacos, libres y choiques. Una vez arribados a la localidad de El Chalt\u00e9n, nuestro gu\u00eda los asesorara sobre los diferentes recorridos que se pueden realizar y que conducen a los\u00a0miradores m\u00e1s bellos del Fitz Roy o Cerro Torre\u00a0(Laguna Capri, Mirador Torre,\u00a0etc) .<\/p>\n<p>NO\u00a0 INCLUYE ALMUERZO &#8211; Hacia las 17:30hs los pasajeros deber\u00e1n acercarse al punto de encuentro en El Chalt\u00e9n donde se encontrar\u00e1n con el resto del grupo.<\/p>\n<p>Dificultad t\u00e9cnica: moderada.\u00a0Distancia a recorrer: a decisi\u00f3n de los pasajeros, se recomienda caminatas cortas.<\/p>\n<p><strong>Para compras con menos de 48 horas comunicarse por Whatsapp.<\/strong><\/p>\n<p>Los precios pueden variar seg\u00fan fechas y temporadas.<\/p>\n","protected":false},"excerpt":{"rendered":"<p>TRASLADO CHALT\u00c9N LIBRE &#8211;\u00a0 EXPERIENCIA TOLKEYEN\u00a0 Salida desde los hoteles de El Calafate a partir de las 7.00am y consecuci\u00f3n&#8230;<\/p>\n","protected":false},"featured_media":130705,"template":"","meta":[],"product_brand":[],"product_cat":[1147,805],"product_tag":[],"class_list":{"0":"post-130708","1":"product","2":"type-product","3":"status-publish","4":"has-post-thumbnail","6":"destino-el-chalten-en-2","7":"mes-marzo-en","8":"mes-noviembre-en","9":"mes-abril-en","10":"mes-diciembre-en","11":"mes-mayo-en","12":"mes-junio-en","13":"mes-julio-en","14":"mes-agosto-en","15":"mes-enero-en","16":"mes-septiembre-en","17":"mes-febrero-en","18":"mes-octubre-en","19":"epoca-todo-el-ano-en","20":"product_cat-adventure-turism","21":"product_cat-traslados-en","23":"first","24":"instock","25":"shipping-taxable","26":"product-type-external"},"acf":[],"_links":{"self":[{"href":"https:\/\/tolkeyenpatagonia.com\/en\/wp-json\/wp\/v2\/product\/130708","targetHints":{"allow":["GET"]}}],"collection":[{"href":"https:\/\/tolkeyenpatagonia.com\/en\/wp-json\/wp\/v2\/product"}],"about":[{"href":"https:\/\/tolkeyenpatagonia.com\/en\/wp-json\/wp\/v2\/types\/product"}],"wp:featuredmedia":[{"embeddable":true,"href":"https:\/\/tolkeyenpatagonia.com\/en\/wp-json\/wp\/v2\/media\/130705"}],"wp:attachment":[{"href":"https:\/\/tolkeyenpatagonia.com\/en\/wp-json\/wp\/v2\/media?parent=130708"}],"wp:term":[{"taxonomy":"product_brand","embeddable":true,"href":"https:\/\/tolkeyenpatagonia.com\/en\/wp-json\/wp\/v2\/product_brand?post=130708"},{"taxonomy":"product_cat","embeddable":true,"href":"https:\/\/tolkeyenpatagonia.com\/en\/wp-json\/wp\/v2\/product_cat?post=130708"},{"taxonomy":"product_tag","embeddable":true,"href":"https:\/\/tolkeyenpatagonia.com\/en\/wp-json\/wp\/v2\/product_tag?post=130708"}],"curies":[{"name":"wp","href":"https:\/\/api.w.org\/{rel}","templated":true}]}}