{"id":130486,"date":"2019-07-18T11:19:06","date_gmt":"2023-01-24T18:48:21","guid":{"rendered":"https:\/\/tolkeyenpatagonia.com\/producto\/minitrekking-hike-on-the-perito-moreno-glacier\/"},"modified":"2025-03-11T16:53:30","modified_gmt":"2025-03-11T19:53:30","slug":"minitrekking-hike-on-the-perito-moreno-glacier","status":"publish","type":"product","link":"https:\/\/tolkeyenpatagonia.com\/en\/product\/minitrekking-hike-on-the-perito-moreno-glacier\/","title":{"rendered":"Minitrekking, Hike on the Perito Moreno Glacier"},"content":{"rendered":"<h2 style=\"text-align: center;\"><strong>Caminata sobre el Glaciar Perito Moreno<\/strong><\/h2>\n<h3 style=\"text-align: center;\"><span style=\"font-size: 18pt;\"><strong><span style=\"color: #3366ff;\">EXPERIENCIA TOLKEYEN<\/span><\/strong><\/span><\/h3>\n<p><span style=\"font-weight: 400;\">Minitrekking, Caminata Sobre el Glaciar Perito Moreno: La excursi\u00f3n comienza con el pick up por el punto de encuentro acordado en El Calafate. En nuestros confortables buses, les brindaremos informaci\u00f3n sobre el lugar, el glaciar y la excursi\u00f3n <\/span><span style=\"font-weight: 400;\">Una vez en el puerto \u201cBajo de las Sombras\u201d (Ruta 11, km. 70.9) se embarca para cruzar el Lago Rico, llegando a la costa opuesta luego de aproximadamente 20 minutos de navegaci\u00f3n frente a la cara sur del Glaciar Perito Moreno.<\/span><span style=\"font-weight: 400;\"><br \/>\n<\/span><span style=\"font-weight: 400;\">Al desembarcar, ser\u00e1n recibidos por los gu\u00edas de monta\u00f1a, quienes los conducir\u00e1n a un refugio provisto de instalaciones sanitarias. A partir de all\u00ed, se iniciar\u00e1 una breve caminata a lo largo de la costa del lago, que incluye una charla sobre glaciolog\u00eda en general y el glaciar Perito Moreno en particular. Al llegar al borde del glaciar, los gu\u00edas formar\u00e1n subgrupos de un m\u00e1ximo de 20 personas cada uno, y les colocar\u00e1n los crampones. Una vez sobre el hielo, recibir\u00e1n una breve charla de seguridad, e iniciar\u00e1n la caminata.<\/span><span style=\"font-weight: 400;\">La caminata es de dificultad media, el recorrido sobre el glaciar dura aproximadamente 1:30 horas, y en su transcurso se podr\u00e1 apreciar una variedad de formaciones t\u00edpicas de un glaciar como grietas, sumideros, seracs, lagunas, etc.<\/span><span style=\"font-weight: 400;\"><br \/>\n<\/span><span style=\"font-weight: 400;\">Al finalizar la caminata sobre el hielo, se regresar\u00e1 al refugio por una pasarela que atraviesa el exuberante bosque andino patag\u00f3nico. La excursi\u00f3n incluye la visita guiada a las pasarelas del glaciar Perito Moreno, a 7 km del puerto. All\u00ed podr\u00e1n disfrutar de la espectacular vista panor\u00e1mica del glaciar y recorrer alguno de los senderos autoguiados.<\/span><\/p>\n<h3>Sobre Minitrekking, Caminata Sobre el Glaciar Perito Moreno<\/h3>\n<p><b>El Minitrekking est\u00e1 orientado para personas que disfrutan de la naturaleza, la aventura y quieran vivir la experiencia de caminar en hielo del Glaciar m\u00e1s lindo del mundo.<\/b><span style=\"font-weight: 400;\">\u00a0<\/span><b>Informaci\u00f3n t\u00e9cnica<\/b><\/p>\n<p>&nbsp;<\/p>\n<p><img loading=\"lazy\" decoding=\"async\" class=\"size-full wp-image-44640 aligncenter\" src=\"https:\/\/tolkeyenpatagonia.com\/wp-content\/uploads\/2019\/01\/Mapa-de-excursiones-en-El-Calafate-y-El-Chalten-de-Tolkeyen-Patagonia.jpg\" alt=\"\" width=\"595\" height=\"842\" \/><\/p>\n<p>&nbsp;<\/p>\n","protected":false},"excerpt":{"rendered":"<h2>Live the magic of the Perito Moreno Glacier on an unforgettable mini-trekking<\/h2>\n<p data-sourcepos=\"5:1-5:159\">Can you imagine walking on the Perito Moreno Glacier? A unique experience that will allow you to closely appreciate the immensity and beauty of this ice giant.<\/p>\n<p data-sourcepos=\"7:1-7:223\">In this <strong>mini trekking<\/strong> , you will tour the glacier on a path of medium difficulty, surrounded by impressive views. You will have the opportunity to observe ice falls, cracks and waterfalls.<\/p>\n<p data-sourcepos=\"9:1-9:108\">Don&#8217;t miss this unique opportunity! Book your excursion now and experience the magic of the Perito Moreno Glacier.<\/p>\n","protected":false},"featured_media":278721,"template":"","meta":[],"product_brand":[],"product_cat":[1108,1155],"product_tag":[],"class_list":{"0":"post-130486","1":"product","2":"type-product","3":"status-publish","4":"has-post-thumbnail","6":"destino-calafate-en-2","7":"mes-marzo-en","8":"mes-noviembre-en","9":"mes-abril-en","10":"mes-diciembre-en","11":"mes-mayo-en","12":"mes-julio-en","13":"mes-agosto-en","14":"mes-enero-en","15":"mes-septiembre-en","16":"mes-febrero-en","17":"mes-octubre-en","18":"epoca-verano-en","19":"epoca-invierno-en","20":"product_cat-glaciers","21":"product_cat-minitrekking-en","23":"first","24":"instock","25":"virtual","26":"sold-individually","27":"purchasable","28":"product-type-booking"},"acf":[],"_links":{"self":[{"href":"https:\/\/tolkeyenpatagonia.com\/en\/wp-json\/wp\/v2\/product\/130486","targetHints":{"allow":["GET"]}}],"collection":[{"href":"https:\/\/tolkeyenpatagonia.com\/en\/wp-json\/wp\/v2\/product"}],"about":[{"href":"https:\/\/tolkeyenpatagonia.com\/en\/wp-json\/wp\/v2\/types\/product"}],"wp:featuredmedia":[{"embeddable":true,"href":"https:\/\/tolkeyenpatagonia.com\/en\/wp-json\/wp\/v2\/media\/278721"}],"wp:attachment":[{"href":"https:\/\/tolkeyenpatagonia.com\/en\/wp-json\/wp\/v2\/media?parent=130486"}],"wp:term":[{"taxonomy":"product_brand","embeddable":true,"href":"https:\/\/tolkeyenpatagonia.com\/en\/wp-json\/wp\/v2\/product_brand?post=130486"},{"taxonomy":"product_cat","embeddable":true,"href":"https:\/\/tolkeyenpatagonia.com\/en\/wp-json\/wp\/v2\/product_cat?post=130486"},{"taxonomy":"product_tag","embeddable":true,"href":"https:\/\/tolkeyenpatagonia.com\/en\/wp-json\/wp\/v2\/product_tag?post=130486"}],"curies":[{"name":"wp","href":"https:\/\/api.w.org\/{rel}","templated":true}]}}