{"id":130465,"date":"2021-11-12T17:05:48","date_gmt":"2023-01-24T18:47:37","guid":{"rendered":"https:\/\/tolkeyenpatagonia.com\/producto\/perito-moreno-glacier-transfers\/"},"modified":"2025-03-11T16:44:02","modified_gmt":"2025-03-11T19:44:02","slug":"glaciar-perito-moreno-traslados-2","status":"publish","type":"product","link":"https:\/\/tolkeyenpatagonia.com\/en\/product\/glaciar-perito-moreno-traslados-2\/","title":{"rendered":"Perito Moreno Glacier + Airport Transfers"},"content":{"rendered":"<h2 style=\"text-align: center;\"><strong>GLACIAR PERITO MORENO, EL ESTRUENDO DEL HIELO<\/strong><\/h2>\n<h3 style=\"text-align: center;\"><span style=\"color: #34568a;\"><b>EXPERIENCIA TOLKEYEN<\/b><\/span><\/h3>\n<p>Glaciar Perito Moreno + Traslados Aeropuerto: Salida por la ruta Nro. 11, bordeando el Lago Argentino.<\/p>\n<p>Desde El Calafate al Glaciar perito Moreno media una distancia de 80 km, por camino asfaltado en su totalidad.<\/p>\n<p>Desde su inicio el viaje depara agradables sorpresas. Saliendo de la Localidad, a la derecha podemos observar el Lago Argentino con su Bah\u00eda Redonda.<\/p>\n<p>En ella se puede apreciar una variedad importante de avifauna, destac\u00e1ndose el cisne de cuello negro, flamenco, pato vapor, gallareta, cauqu\u00e9n. Se destaca el color amarillo del campo, esto se debe a sus pastos llamados coir\u00f3n, y entre ellos se destaca, el coir\u00f3n blanco y petiso.<\/p>\n<p>En los primeros 40 km se recorre la estepa patag\u00f3nica, pasando posteriormente a la entrada del Parque Nacional a observar la vegetaci\u00f3n arb\u00f3rea perteneciente en su gran mayor\u00eda de la familia \u201cnotofagus\u201d (\u00f1ires, guindos, lengas) y uno que otro canelo, y flores de diversos colores, entre las que se resalta el notro por su colorido rojo intenso correspondiendo la misma al Bosque Andino Patag\u00f3nico.<\/p>\n<p>Llegada a \u201cla curva de los suspiros\u201d llamada de esta forma pues es el primer punto de donde tenemos una vista panor\u00e1mica del Glaciar perito Moreno.<\/p>\n<p>Breve parada para tomar fotograf\u00edas y prosecuci\u00f3n a Puerto Bajo las Sombras.<\/p>\n<p>Aqu\u00ed existe la posibilidad de realizar la\u00a0<a title=\"Safari N\u00e1utico \" href=\"https:\/\/www.tolkeyenpatagonia.com\/tours\/navegacion-safari-nautico\/\"><strong>Navegaci\u00f3n Safari N\u00e1utico<\/strong><\/a>\u00a0por el brazo sur del Canal de los T\u00e9mpanos para tener diferentes vistas de la pared del Glaciar Perito Moreno. (DURACI\u00d3N: 1 hora)<\/p>\n<p>De regreso al Puerto, nos dirigimos a las Pasarelas donde tendremos un sector de servicios para los visitantes y un sistema de balcones y pasarelas que permiten realizar caminatas por diferentes recorridos y acceder a diferentes vistas realmente incre\u00edbles del Glaciar y de la cercan\u00eda al mismo.<\/p>\n<p>Luego de un tiempo libre para caminatas y almuerzo (opcional), se inicia el regreso hacia El Calafate.<\/p>\n<h2 style=\"text-align: center;\"><strong>Traslados desde y hacia el aeropuerto \/ Hotel en El Calafate<\/strong><\/h2>\n<h3 style=\"text-align: center;\"><b><i>SERVICIO POR TRAMOS<\/i><\/b><\/h3>\n","protected":false},"excerpt":{"rendered":"<h2 data-sourcepos=\"1:1-1:257\">Perito Moreno Glacier with transfers to and from the airport in El Calafate.<\/h2>\n<p data-sourcepos=\"1:1-1:257\">The Perito Moreno glacier is one of the natural wonders of the world, and visiting it is a unique experience that you will not forget. With an airport transfer included, you can arrive comfortably and dedicate all your time to enjoying this natural spectacle.<\/p>\n<p data-sourcepos=\"3:1-3:70\">Reasons to visit the Perito Moreno glacier:<\/p>\n<ul data-sourcepos=\"5:1-8:0\">\n<li data-sourcepos=\"5:1-5:96\">It is one of the largest glaciers in the world, with an area of \u200b\u200b250 square kilometers.<\/li>\n<li data-sourcepos=\"6:1-6:79\">It is located in an incomparable natural environment, surrounded by mountains and lakes.<\/li>\n<li data-sourcepos=\"7:1-8:0\">It is an active glacier, so you can see huge blocks of ice breaking off.<\/li>\n<\/ul>\n<p data-sourcepos=\"9:1-9:225\">With an airport transfer included, you can easily reach El Calafate, the closest city to the glacier. From there, you can take a guided excursion that will allow you to see the glacier from different angles.<\/p>\n","protected":false},"featured_media":284645,"template":"","meta":[],"product_brand":[],"product_cat":[1261,1109,1108,805],"product_tag":[],"class_list":{"0":"post-130465","1":"product","2":"type-product","3":"status-publish","4":"has-post-thumbnail","6":"destino-calafate-en-2","7":"mes-marzo-en","8":"mes-noviembre-en","9":"mes-abril-en","10":"mes-diciembre-en","11":"mes-mayo-en","12":"mes-junio-en","13":"mes-julio-en","14":"mes-agosto-en","15":"mes-enero-en","16":"mes-septiembre-en","17":"mes-febrero-en","18":"mes-octubre-en","19":"epoca-verano-en","20":"epoca-invierno-en","21":"epoca-todo-el-ano-en","22":"product_cat-accessible-tourism","23":"product_cat-calafate-packages","24":"product_cat-glaciers","25":"product_cat-traslados-en","27":"first","28":"instock","29":"virtual","30":"sold-individually","31":"purchasable","32":"product-type-booking"},"acf":[],"_links":{"self":[{"href":"https:\/\/tolkeyenpatagonia.com\/en\/wp-json\/wp\/v2\/product\/130465","targetHints":{"allow":["GET"]}}],"collection":[{"href":"https:\/\/tolkeyenpatagonia.com\/en\/wp-json\/wp\/v2\/product"}],"about":[{"href":"https:\/\/tolkeyenpatagonia.com\/en\/wp-json\/wp\/v2\/types\/product"}],"wp:featuredmedia":[{"embeddable":true,"href":"https:\/\/tolkeyenpatagonia.com\/en\/wp-json\/wp\/v2\/media\/284645"}],"wp:attachment":[{"href":"https:\/\/tolkeyenpatagonia.com\/en\/wp-json\/wp\/v2\/media?parent=130465"}],"wp:term":[{"taxonomy":"product_brand","embeddable":true,"href":"https:\/\/tolkeyenpatagonia.com\/en\/wp-json\/wp\/v2\/product_brand?post=130465"},{"taxonomy":"product_cat","embeddable":true,"href":"https:\/\/tolkeyenpatagonia.com\/en\/wp-json\/wp\/v2\/product_cat?post=130465"},{"taxonomy":"product_tag","embeddable":true,"href":"https:\/\/tolkeyenpatagonia.com\/en\/wp-json\/wp\/v2\/product_tag?post=130465"}],"curies":[{"name":"wp","href":"https:\/\/api.w.org\/{rel}","templated":true}]}}