{"id":130300,"date":"2021-06-08T22:19:42","date_gmt":"2023-01-24T18:38:30","guid":{"rendered":"https:\/\/tolkeyenpatagonia.com\/producto\/darwin-experience\/"},"modified":"2025-03-16T15:19:41","modified_gmt":"2025-03-16T18:19:41","slug":"darwin-experience","status":"publish","type":"product","link":"https:\/\/tolkeyenpatagonia.com\/en\/product\/darwin-experience\/","title":{"rendered":"Darwin Experience"},"content":{"rendered":"<h2><strong>DARWIN EXPERIENCE<\/strong><\/h2>\n<h3><strong>EXPERIENCIA TOLKEYEN<\/strong><\/h3>\n<p>Darwin Experience: La actividad comienza cuando los buscan en veh\u00edculo 4&#215;4 por sus hoteles y luego ya se dirigen al Paraje Charles Fuhr ubicado a 40 km de la ciudad. Al arribar, se preparar\u00e1n para vivir la experiencia realizando ejercicios de calentamiento mientras los guias les brindan una explicaci\u00f3n sobre como se realiza esta actividad. Les facilitar\u00e1n todo el equipamiento necesario que est\u00e1 incluido (trajes secos de gore tex, chaleco salvavidas, botas y guantes). Una vez preparados comienza el kayak por el R\u00edo Santa Ceuz que durar\u00e1 80 min recorriendo 15 km hasta llegar a la Estancia El Rinc\u00f3n., mientras podr\u00e1n apreciar la infinidad de la estepa patag\u00f3nica.<br \/>\nAl llegar a la estancia, se les ofrecer\u00e1 el almuerzo. Entrada, plato principal, bebida y postre, est\u00e1n incluidos. Aqu\u00ed tendr\u00e1s la posibilidad de tomar un descanso, disfrutar de un momento relajado con una gastronom\u00eda excelente para disfrutar con tu grupo de viaje. Recuperar energ\u00eda y disfrutar de otros aspectos de la excursi\u00f3n es muy importante para tener una experiencia completa.<\/p>\n<h3>A tener en cuenta:<\/h3>\n<p>Esta excursi\u00f3n ofrece la posibilidad de que si alguno de los pasajeros no desea navegar en kayak, pueda ir como acompa\u00f1ante en las camionetas. Estar\u00e1 siempre acompa\u00f1ado por un gu\u00eda y se reunir\u00e1 en la estancia con el resto del grupo para almorzar.<\/p>\n","protected":false},"excerpt":{"rendered":"<h2>Explore the Santa Cruz River by kayak<\/h2>\n<p data-sourcepos=\"5:1-5:57\">Do you want to live a unique experience in Patagonia?<\/p>\n<p data-sourcepos=\"7:1-7:110\">Kayak down the Santa Cruz River, the same one Charles Darwin traveled on his trip across the continent.<\/p>\n<p data-sourcepos=\"9:1-9:158\">From the Charles Fuhr Park, located 40 km from El Calafate, you will travel 15 km of this emblematic river, surrounded by Patagonian landscapes and native fauna.<\/p>\n<p data-sourcepos=\"11:1-11:103\">With the help of an expert guide, you will learn about the geological formations and history of this region.<\/p>\n<p data-sourcepos=\"13:1-13:98\">At the end of the tour, you can enjoy a delicious lunch at Estancia El Rinc\u00f3n.<\/p>\n<p data-sourcepos=\"15:1-15:60\">Reserve your place now and live an unforgettable adventure!<\/p>\n","protected":false},"featured_media":54170,"template":"","meta":[],"product_brand":[],"product_cat":[1261,1147],"product_tag":[],"class_list":{"0":"post-130300","1":"product","2":"type-product","3":"status-publish","4":"has-post-thumbnail","6":"destino-calafate-en-2","7":"mes-marzo-en","8":"mes-noviembre-en","9":"mes-abril-en","10":"mes-diciembre-en","11":"mes-mayo-en","12":"mes-junio-en","13":"mes-julio-en","14":"mes-agosto-en","15":"mes-enero-en","16":"mes-septiembre-en","17":"mes-febrero-en","18":"mes-octubre-en","19":"epoca-verano-en","20":"epoca-invierno-en","21":"epoca-todo-el-ano-en","22":"product_cat-accessible-tourism","23":"product_cat-adventure-turism","25":"first","26":"instock","27":"shipping-taxable","28":"product-type-external"},"acf":[],"_links":{"self":[{"href":"https:\/\/tolkeyenpatagonia.com\/en\/wp-json\/wp\/v2\/product\/130300","targetHints":{"allow":["GET"]}}],"collection":[{"href":"https:\/\/tolkeyenpatagonia.com\/en\/wp-json\/wp\/v2\/product"}],"about":[{"href":"https:\/\/tolkeyenpatagonia.com\/en\/wp-json\/wp\/v2\/types\/product"}],"wp:featuredmedia":[{"embeddable":true,"href":"https:\/\/tolkeyenpatagonia.com\/en\/wp-json\/wp\/v2\/media\/54170"}],"wp:attachment":[{"href":"https:\/\/tolkeyenpatagonia.com\/en\/wp-json\/wp\/v2\/media?parent=130300"}],"wp:term":[{"taxonomy":"product_brand","embeddable":true,"href":"https:\/\/tolkeyenpatagonia.com\/en\/wp-json\/wp\/v2\/product_brand?post=130300"},{"taxonomy":"product_cat","embeddable":true,"href":"https:\/\/tolkeyenpatagonia.com\/en\/wp-json\/wp\/v2\/product_cat?post=130300"},{"taxonomy":"product_tag","embeddable":true,"href":"https:\/\/tolkeyenpatagonia.com\/en\/wp-json\/wp\/v2\/product_tag?post=130300"}],"curies":[{"name":"wp","href":"https:\/\/api.w.org\/{rel}","templated":true}]}}