{"id":130291,"date":"2021-09-13T13:35:17","date_gmt":"2023-01-24T18:34:51","guid":{"rendered":"https:\/\/tolkeyenpatagonia.com\/producto\/full-day-moreno-glacier-full-day-chalten\/"},"modified":"2025-03-18T13:03:08","modified_gmt":"2025-03-18T16:03:08","slug":"full-day-moreno-glacier-full-day-chalten","status":"publish","type":"product","link":"https:\/\/tolkeyenpatagonia.com\/en\/product\/full-day-moreno-glacier-full-day-chalten\/","title":{"rendered":"Full Day Moreno Glacier + Full Day Chalten"},"content":{"rendered":"<h2><strong><u>EXPERIENCIA GLACIAR PERITO MORENO CL\u00c1SICA (PASARELAS)<\/u><\/strong><\/h2>\n<h3><strong>Full Day Glaciar Moreno + Full Day Chalt\u00e9n: Datos importantes<\/strong><\/h3>\n<p><strong>Temporada:<\/strong>\u00a0Anual.<\/p>\n<p><strong>Duraci\u00f3n:<\/strong>\u00a08 hs.<\/p>\n<p><strong>Salidas:<\/strong>\u00a0D\u00edas impares.<\/p>\n<p><strong>Modalidad:<\/strong>\u00a0Regular \/ Privada<\/p>\n<p><strong>Tener en cuenta:<\/strong>\u00a0Llevar vianda o adquirirla en snack en pasarelas.<\/p>\n<p><strong>Atractivos:<\/strong>\u00a0Glaciar Perito Moreno.<\/p>\n<p><strong>Descripci\u00f3n:<\/strong><\/p>\n<p>Desde El Calafate al Glaciar Perito Moreno media una distancia de 80 km por camino asfaltado.<\/p>\n<p>Saliendo de la localidad de El Calafate, a la derecha podemos observar el Lago Argentino con su Bah\u00eda Redonda. En ella se puede apreciar una variedad importante de avifauna, destac\u00e1ndose el cisne de cuello negro, flamenco, pato vapor, cauqu\u00e9n.<\/p>\n<p>En los primeros 40 kil\u00f3metros se recorre la estepa patag\u00f3nica, pasando posteriormente a la entrada del Parque Nacional desde donde comenzaremos a observar la vegetaci\u00f3n arb\u00f3rea perteneciente en su gran mayor\u00eda a la familia \u201cnotofagus\u201d (\u00f1ires, guindos, lengas), flores de diversos colores, entre las que se resalta el notro por su colorido rojo intenso.<\/p>\n<p>Una vez en la zona de pasarelas frente al Glaciar Perito Moreno, vemos la majestuosidad que impacta a los ojos del viajante y repuestos del asombro recorreremos las escalinatas para obtener distintas vistas del frente del glaciar de 5 kil\u00f3metros de extensi\u00f3n.<\/p>\n<p>Contaran con la asistencia permanente de nuestros gu\u00edas que acompa\u00f1an a los viajeros a lo largo de todo el recorrido.<\/p>\n<p>*Nota: Esta excursi\u00f3n puede complementarse con las navegaciones de\u00a0<u>Safari N\u00e1utico<\/u>\u00a0o\u00a0<u>Moreno Spirit<\/u>\u00a0de una hora de duraci\u00f3n y que navegan frente a las paredes del Glaciar Perito Moreno.<\/p>\n<p>Sin embargo, no se puede combinar con el servicio de Minitrekking la cual debe contratarse por separado y con anterioridad.<\/p>\n<h2><strong><u>Full Day Glaciar Moreno + Full Day Chalt\u00e9n: EXPERIENCIA FULL DAY CHALTEN TRADICIONAL CON ALMUERZO (CON BEBIDA)<\/u><\/strong><\/h2>\n<p><strong>Temporada:<\/strong>\u00a0Anual<\/p>\n<p><strong>Duraci\u00f3n:<\/strong>\u00a010hs aprox.<\/p>\n<p><strong>Salidas:<\/strong>\u00a0consultar d\u00edas de salida seg\u00fan \u00e9poca del a\u00f1o.<\/p>\n<p><strong>Cargos adicionales:<\/strong>\u00a0n\/a<\/p>\n<p><strong>Modalidad:<\/strong>\u00a0Regular<\/p>\n<p><strong>Tener en cuenta:<\/strong>\u00a0 Abona entrada al Parque Nacional. Incluye almuerzo en restaurante.<\/p>\n<p><strong>Atractivos:<\/strong>\u00a0Trekking en zona norte Parque Nacional Los Glaciares.<\/p>\n<p><strong><u>Descripci\u00f3n:<\/u><\/strong><\/p>\n<p>En confortable veh\u00edculo iniciaremos la recorrida por los hoteles entre las 8:00 y 09:00am (seg\u00fan \u00e9poca del a\u00f1o) para iniciar nuestro viaje, acompa\u00f1ados de gu\u00eda biling\u00fce.<\/p>\n<p>Costeando el Lago Argentino seguiremos hasta el cruce con la RN 40 la que tomaremos hacia el norte. Aproximadamente a mitad de camino llegaremos al parador La Leona, antigua construcci\u00f3n que data de 1894, sobre el R\u00edo del mismo nombre, donde nos enteraremos de su historia.<\/p>\n<p>Siguiendo hacia el norte, y luego de algunas paradas en puntos panor\u00e1micos, seguramente nos encontraremos con manadas de guanacos y liebres.<\/p>\n<p>Una vez arribados a El Chalten visitaremos el Centro de Interpretaci\u00f3n de la Seccional Norte del Parque Nacional y acompa\u00f1ados por nuestro gu\u00eda recorreremos el sendero de Mirador de los C\u00f3ndores.<\/p>\n<p>Una vez finalizado el recorrido del sendero nos dirigiremos a disfrutar del almuerzo para reponer energ\u00edas.<\/p>\n<p>Luego del reparador almuerzo visitaremos \u201cChorrillo del Salto\u201d distante a 4 kil\u00f3metros de El Chalten donde disfrutaremos del encantador paisaje y una cascada natural de 20 metros de alto en medio de la cordillera.<\/p>\n<p>Alrededor de las 16:00hs emprenderemos el regreso a El Calafate estimando nuestro arribo a las 19hs luego de una enriquecedora experiencia.<\/p>\n","protected":false},"excerpt":{"rendered":"<p data-sourcepos=\"3:1-3:64\">Package of excursions to the Perito Moreno glacier and El Chalt\u00e9n<\/p>\n<p data-sourcepos=\"46:1-46:168\">This package is an excellent opportunity to visit two of the most beautiful places in Argentine Patagonia: the Perito Moreno glacier and the national capital of Trekking, El Chalt\u00e9n.<\/p>\n<p data-sourcepos=\"5:1-5:99\">Discover the natural beauty of Argentine Patagonia and enjoy its incomparable landscapes.<\/p>\n<p data-sourcepos=\"7:1-7:51\">Book now and don&#8217;t miss this opportunity.<\/p>\n","protected":false},"featured_media":284658,"template":"","meta":[],"product_brand":[],"product_cat":[1264,1261,1147,1109,1108],"product_tag":[],"class_list":{"0":"post-130291","1":"product","2":"type-product","3":"status-publish","4":"has-post-thumbnail","6":"destino-calafate-en-2","7":"destino-el-chalten-en-2","8":"destino-multidestino-en-2","9":"mes-marzo-en","10":"mes-noviembre-en","11":"mes-abril-en","12":"mes-diciembre-en","13":"mes-mayo-en","14":"mes-junio-en","15":"mes-julio-en","16":"mes-agosto-en","17":"mes-enero-en","18":"mes-septiembre-en","19":"mes-febrero-en","20":"mes-octubre-en","21":"epoca-verano-en","22":"epoca-invierno-en","23":"epoca-todo-el-ano-en","24":"product_cat-packages-in-el-chalten","25":"product_cat-accessible-tourism","26":"product_cat-adventure-turism","27":"product_cat-calafate-packages","28":"product_cat-glaciers","30":"first","31":"instock","32":"sold-individually","33":"shipping-taxable","34":"purchasable","35":"product-type-booking"},"acf":[],"_links":{"self":[{"href":"https:\/\/tolkeyenpatagonia.com\/en\/wp-json\/wp\/v2\/product\/130291","targetHints":{"allow":["GET"]}}],"collection":[{"href":"https:\/\/tolkeyenpatagonia.com\/en\/wp-json\/wp\/v2\/product"}],"about":[{"href":"https:\/\/tolkeyenpatagonia.com\/en\/wp-json\/wp\/v2\/types\/product"}],"wp:featuredmedia":[{"embeddable":true,"href":"https:\/\/tolkeyenpatagonia.com\/en\/wp-json\/wp\/v2\/media\/284658"}],"wp:attachment":[{"href":"https:\/\/tolkeyenpatagonia.com\/en\/wp-json\/wp\/v2\/media?parent=130291"}],"wp:term":[{"taxonomy":"product_brand","embeddable":true,"href":"https:\/\/tolkeyenpatagonia.com\/en\/wp-json\/wp\/v2\/product_brand?post=130291"},{"taxonomy":"product_cat","embeddable":true,"href":"https:\/\/tolkeyenpatagonia.com\/en\/wp-json\/wp\/v2\/product_cat?post=130291"},{"taxonomy":"product_tag","embeddable":true,"href":"https:\/\/tolkeyenpatagonia.com\/en\/wp-json\/wp\/v2\/product_tag?post=130291"}],"curies":[{"name":"wp","href":"https:\/\/api.w.org\/{rel}","templated":true}]}}