{"id":130216,"date":"2019-04-04T11:13:40","date_gmt":"2023-01-24T17:59:56","guid":{"rendered":"https:\/\/tolkeyenpatagonia.com\/producto\/classic-antarctica\/"},"modified":"2025-11-06T10:47:59","modified_gmt":"2025-11-06T13:47:59","slug":"classic-antarctica","status":"publish","type":"product","link":"https:\/\/tolkeyenpatagonia.com\/en\/product\/classic-antarctica\/","title":{"rendered":"Classic Antarctica"},"content":{"rendered":"<h2 style=\"text-align: center;\"><strong>DESCUBRIENDO LA\u00a0<\/strong><b>ANT\u00c1RTIDA<\/b><\/h2>\n<h3><strong>Ant\u00e1rtida Cl\u00e1sica: <\/strong><\/h3>\n<h3><strong>Crucero de Expedici\u00f3n a la Pen\u00ednsula Ant\u00e1rtica e Islas Shetland del Sur.<\/strong><\/h3>\n<p>Duraci\u00f3n 10 d\u00edas<\/p>\n<h3><em>Consulte por salidas LAST MINUTE con tarifas desde USD 5000 por persona* para Ant\u00e1rtida Cl\u00e1sica<\/em><\/h3>\n<p><strong>D\u00eda 1:<\/strong> Salida desde la ciudad de Ushuaia<\/p>\n<p>Embarque a la tarde y conozca a su staff de expedici\u00f3n y conferencistas. Luego de ponerse c\u00f3modo en su cabina, navegaremos por el famoso Canal Beagle, a trav\u00e9s del paso Mackinlay.<\/p>\n<p><strong>D\u00edas 2 y 3<\/strong>: Cruzando el Pasaje Drake<\/p>\n<p>Nombrado as\u00ed luego de que el c\u00e9lebre explorador Sir Francis Drake navegara estas aguas en 1578, el Pasaje Drake es marco de la Convergencia Ant\u00e1rtica, una barrera biol\u00f3gica natural en donde las fr\u00edas aguas polares se sumergen debajo de las aguas m\u00e1s c\u00e1lidas del norte. Esto genera una gran cantidad de nutrientes, que sustentan la biodiversidad de esta regi\u00f3n.<\/p>\n<p>El Pasaje Drake tambi\u00e9n marca el l\u00edmite norte de muchas aves marinas ant\u00e1rticas. Mientras naveguemos a trav\u00e9s del pasaje, nuestro staff estar\u00e1 con usted afuera en la cubierta para ayudarle en la identificaci\u00f3n de la enorme variedad de aves marinas, incluyendo los albatros que siguen al USHUAIA.<\/p>\n<p>La pol\u00edtica de a bordo de \u201cpuente abierto\u201d les permitir\u00e1 acompa\u00f1ar a nuestros oficiales en el puente y aprender algunos aspectos concernientes a la navegaci\u00f3n, observar ballenas o simplemente disfrutar de la vista. Un programa completo de conferencias lo estar\u00e1 esperando.<\/p>\n<p>Los primeros t\u00e9mpanos y monta\u00f1as nevadas nos indican que hemos llegado a las Islas Shetland del Sur, un archipi\u00e9lago de 20 islas e islotes descubierto en 1819 por el Capit\u00e1n William Smith con su bergant\u00edn Williams. Si las condiciones en el Pasaje Drake fueran favorables, al tercer d\u00eda nuestro staff de expedici\u00f3n lo acompa\u00f1ar\u00e1 en el primer desembarco y experimentar\u00e1 el fascinante encuentro con ping\u00fcinos y focas.<\/p>\n<p><strong>D\u00edas 4 al 7:<\/strong> Descubriendo la Pen\u00ednsula Ant\u00e1rtica y las Islas Shetland del Sur<\/p>\n<p>Las Islas Shetland del Sur est\u00e1n colmadas de vida silvestre. Vastas colonias de ping\u00fcinos, playas gobernadas por lobos marinos ant\u00e1rticos y elefantes marinos del sur, hacen que cada d\u00eda en este grupo de islas sea inolvidable. Navegar por el estrecho pasaje hacia la caldera inundada de Isla Decepci\u00f3n es verdaderamente asombroso.<\/p>\n<p>La Isla King George es la isla m\u00e1s grande de las Islas Shetland del Sur y se caracteriza por las colonias de ping\u00fcino Adelia y de barbijo, gaviota cocinera, cormor\u00e1n imperial, gaviot\u00edn ant\u00e1rtico y de petrel gigante del sur. Tambi\u00e9n se encuentran bases cient\u00edficas de diferentes pa\u00edses. Los ping\u00fcinos de barbijo, ping\u00fcinos frente dorada, ping\u00fcinos pap\u00faa, como as\u00ed tambi\u00e9n elefantes marinos, lo esperan en la Isla Livingston.<\/p>\n<p>Al conocer la notable historia de la Pen\u00ednsula Ant\u00e1rtica, se emocionar\u00e1 de un modo comparable a como lo hicieron los primeros exploradores. Usted tendr\u00e1 tiempo suficiente para explorar su incre\u00edble paisaje, un desierto pr\u00edstino de nieve, hielo, monta\u00f1as y cursos de agua, y la incre\u00edble y amplia variedad de vida silvestre. Adem\u00e1s de ping\u00fcinos y aves marinas podr\u00e1 tambi\u00e9n ver de cerca focas cangrejeras, de Weddell y leopardo, como as\u00ed tambi\u00e9n ballenas jorobadas, Minke y orcas.<\/p>\n<p>Esperamos navegar algunos de los m\u00e1s bellos canales siempre dependiendo de las condiciones del hielo: el Estrecho de Gerlache, el Canal Neumayer y el Canal Lemaire son estrechos pasajes entre imponentes rocas y glaciares espectaculares. Planeamos hacer al menos dos excursiones a tierra por d\u00eda. Los sitios para dichas excursiones tambi\u00e9n pueden incluir:<\/p>\n<p>Bah\u00eda Para\u00edso, literalmente el lugar mejor nombrado en el mundo, es donde procuraremos hacer un descenso apropiado al continente. Luego de franquear las aguas cubiertas de icebergs del Estrecho Antarctic esperamos visitar las activas colonias de ping\u00fcino Adelia (m\u00e1s de 100.000 parejas cr\u00edan aqu\u00ed) y cormor\u00e1n imperial en la Isla Paulet. La expedici\u00f3n de Nordenskj\u00f6ld construy\u00f3 aqu\u00ed un refugio de piedra en 1903; ruinas que hoy han sido invadidas por los nidos de los ping\u00fcinos.<\/p>\n<p>Otras posibles exploraciones podr\u00edan llevarnos hacia las Islas Melchior, Isla Cuverville, Punta Portal, Neko Harbour, Isla Pl\u00e9neau, y si las condiciones de hielo lo permitieran, a Isla Petermann para visitar la colonia m\u00e1s austral de ping\u00fcino pap\u00faa.<\/p>\n<p><strong>D\u00edas 8 y 9:<\/strong> Cruzando el Pasaje Drake<\/p>\n<p>Dejaremos la Pen\u00ednsula Ant\u00e1rtica y tomaremos rumbo al norte, cruzando el Pasaje Drake. \u00danase a nuestros conferencistas y naturalistas en la cubierta en la b\u00fasqueda de aves marinas y ballenas, y disfrute de algunas de las conferencias finales. T\u00f3mese el tiempo para relajarse y reflexionar sobre las fascinantes aventuras de los \u00faltimos d\u00edas en el camino de regreso a Ushuaia.<\/p>\n<p><strong>D\u00eda 10:<\/strong> Arribo al puerto de Ushuaia<\/p>\n<p>Llegamos a Ushuaia temprano en la ma\u00f1ana, donde desembarcar\u00e1 luego del desayuno y de haber disfrutado de Ant\u00e1rtida Cl\u00e1sica<\/p>\n<p>N.B: El itinerario descrito arriba es s\u00f3lo una gu\u00eda. Nuestra ruta exacta y el programa pueden variar para poder tomar las mejores ventajas del clima local, de las condiciones del hielo y de las oportunidades de ver vida silvestre. Los cambios ser\u00e1n hechos por el capit\u00e1n y el l\u00edder de expedici\u00f3n para facilitar los mejores resultados de las condiciones predominantes. Un programa diario ser\u00e1 publicado a bordo. La flexibilidad es la clave del \u00e9xito.<\/p>\n<p>*Las tarifas LAST MINUTE son cercanas a la fecha de partida de la embarcaci\u00f3n y est\u00e1n sujetas a disponibilidad. Los valores son por persona en cabina compartidas.<\/p>\n<p>&nbsp;<\/p>\n<p><img loading=\"lazy\" decoding=\"async\" class=\"wp-image-127562 aligncenter\" title=\"\" src=\"https:\/\/tolkeyenpatagonia.com\/wp-content\/uploads\/2019\/04\/itinerario-antartida.png\" sizes=\"auto, (min-width: 0px) and (max-width: 480px) 480px, (min-width: 481px) 602px, 100vw\" srcset=\"https:\/\/tolkeyenpatagonia.com\/wp-content\/uploads\/2019\/04\/itinerario-antartida.png 602w, https:\/\/tolkeyenpatagonia.com\/wp-content\/uploads\/2019\/04\/itinerario-antartida-480x499.png 480w\" alt=\"\" width=\"602\" height=\"625\" \/><\/p>\n<p><strong>Para compras con menos de 48 horas comunicarse por Whatsapp para Ant\u00e1rtida Cl\u00e1sica<\/strong><\/p>\n<p>Los precios pueden variar seg\u00fan fechas y temporadas.<\/p>\n","protected":false},"excerpt":{"rendered":"<h2 data-sourcepos=\"1:1-1:54\">Live an unforgettable experience in Antarctica!<\/h2>\n<p data-sourcepos=\"3:1-3:128\">Can you imagine sailing across glaciers, seeing penguins and seals in their natural habitat, and learning about the history of this remote region?<\/p>\n<p data-sourcepos=\"5:1-5:185\">Classic Antarctica is the perfect cruise for you. On this 10-day trip, you will explore the Antarctic Peninsula and South Shetland Islands, two of the most biodiverse areas on the planet.<\/p>\n<p data-sourcepos=\"7:1-7:29\">During your trip, you will be able to:<\/p>\n<ul data-sourcepos=\"9:1-12:0\">\n<li data-sourcepos=\"9:1-9:119\">Take two shore excursions per day to explore the incredible landscape and wildlife of Antarctica.<\/li>\n<li data-sourcepos=\"10:1-10:114\">Sail through the narrow canals and fjords of the region, observing glaciers, icebergs and snow-capped mountains.<\/li>\n<li data-sourcepos=\"11:1-12:0\">Learn about the history and science of Antarctica from our expert guides.<\/li>\n<\/ul>\n<p data-sourcepos=\"13:1-13:47\">A unique experience that you will never forget!<\/p>\n<p data-sourcepos=\"15:1-15:61\">Reserve your spot today and live the adventure of your life!<\/p>\n","protected":false},"featured_media":53996,"template":"","meta":[],"product_brand":[],"product_cat":[1265,1147],"product_tag":[],"class_list":{"0":"post-130216","1":"product","2":"type-product","3":"status-publish","4":"has-post-thumbnail","6":"destino-ushuaia-en-2","7":"destino-australis-en-2","8":"mes-marzo-en","9":"mes-noviembre-en","10":"mes-diciembre-en","11":"mes-enero-en","12":"mes-febrero-en","13":"epoca-verano-en","14":"product_cat-antarctica","15":"product_cat-adventure-turism","17":"first","18":"instock","19":"shipping-taxable","20":"product-type-external"},"acf":[],"_links":{"self":[{"href":"https:\/\/tolkeyenpatagonia.com\/en\/wp-json\/wp\/v2\/product\/130216","targetHints":{"allow":["GET"]}}],"collection":[{"href":"https:\/\/tolkeyenpatagonia.com\/en\/wp-json\/wp\/v2\/product"}],"about":[{"href":"https:\/\/tolkeyenpatagonia.com\/en\/wp-json\/wp\/v2\/types\/product"}],"wp:featuredmedia":[{"embeddable":true,"href":"https:\/\/tolkeyenpatagonia.com\/en\/wp-json\/wp\/v2\/media\/53996"}],"wp:attachment":[{"href":"https:\/\/tolkeyenpatagonia.com\/en\/wp-json\/wp\/v2\/media?parent=130216"}],"wp:term":[{"taxonomy":"product_brand","embeddable":true,"href":"https:\/\/tolkeyenpatagonia.com\/en\/wp-json\/wp\/v2\/product_brand?post=130216"},{"taxonomy":"product_cat","embeddable":true,"href":"https:\/\/tolkeyenpatagonia.com\/en\/wp-json\/wp\/v2\/product_cat?post=130216"},{"taxonomy":"product_tag","embeddable":true,"href":"https:\/\/tolkeyenpatagonia.com\/en\/wp-json\/wp\/v2\/product_tag?post=130216"}],"curies":[{"name":"wp","href":"https:\/\/api.w.org\/{rel}","templated":true}]}}