{"id":124763,"date":"2022-09-14T15:18:44","date_gmt":"2023-09-24T17:03:58","guid":{"rendered":"https:\/\/tolkeyenpatagonia.com\/?post_type=product&#038;p=124763"},"modified":"2024-03-04T22:03:40","modified_gmt":"2024-03-05T01:03:40","slug":"perito-moreno-glacier-with-navigation","status":"publish","type":"product","link":"https:\/\/tolkeyenpatagonia.com\/en\/product\/perito-moreno-glacier-with-navigation\/","title":{"rendered":"Perito Moreno Glacier with navigation"},"content":{"rendered":"<h2 style=\"text-align: center;\"><strong>GLACIAR PERITO MORENO CON NAVEGACI\u00d3N<\/strong><\/h2>\n<h3 style=\"text-align: center;\"><span style=\"color: #34568a; font-size: 18pt;\"><b>EXPERIENCIA TOLKEYEN<\/b><\/span><\/h3>\n<p>Excursi\u00f3n cl\u00e1sica para conocer el m\u00edtico Glaciar Perito Moreno, un recorrido tur\u00edstico que lo llevara a recorrer las pasarelas para poder observar la cara frontal del Glaciar, contando con una navegaci\u00f3n de una hora de duraci\u00f3n para apreciar una cara diferente y poder completar una experiencia \u00fanica en el mundo.<\/p>\n<p><img loading=\"lazy\" decoding=\"async\" class=\"alignnone wp-image-93727 size-medium\" title=\"Pre Viaje 2021 - El Calafate y Ushuaia por Tolkeyen Patagonia Turismo\" src=\"https:\/\/tolkeyenpatagonia.com\/wp-content\/uploads\/2020\/10\/Safari-Nautico-1140x760.jpg\" alt=\"\" width=\"1140\" height=\"760\" \/><\/p>\n<h3><strong>SOUTHERN SPIRIT<\/strong><\/h3>\n<p>La excursi\u00f3n consiste en una navegaci\u00f3n de 1hs por el Canal De Los T\u00e9mpanos del Lago Argentino que permite apreciar la pared Norte del Glaciar Perito Moreno. Se aproxima a 300 metros de la pared. El embarque se realiza en el puerto ubicado en la bah\u00eda \u201cPuerto Moreno\u201d aproximadamente a 1 Km. del Mirador del Glaciar.<\/p>\n<p><strong>SALIDAS DIARIAS:\u00a0<\/strong> A partir de 9 am y 12 pm.<\/p>\n<p><strong>CARGOS ADICIONALES:<\/strong> Entrada al Parque Nacional.<\/p>\n<p><strong>TENER EN CUENTA:<\/strong> Llevar vianda o comprarla snack en las pasarelas.<\/p>\n<p><img loading=\"lazy\" decoding=\"async\" class=\"size-full wp-image-44640 aligncenter\" src=\"https:\/\/tolkeyenpatagonia.com\/wp-content\/uploads\/2019\/01\/Mapa-de-excursiones-en-El-Calafate-y-El-Chalten-de-Tolkeyen-Patagonia.jpg\" alt=\"\" width=\"595\" height=\"842\" \/><\/p>\n","protected":false},"excerpt":{"rendered":"<h2>Perito Moreno Glacier: an unforgettable experience<\/h2>\n<p data-sourcepos=\"5:1-5:109\">Can you imagine sailing along the Brazo Rico of Lake Argentino and seeing the Perito Moreno Glacier up close?<\/p>\n<p data-sourcepos=\"9:1-9:153\">Durante la navegaci\u00f3n, podr\u00e1s observar el glaciar desde una perspectiva diferente y admirar los imponentes t\u00e9mpanos que se desprenden de sus paredes.<\/p>\n<p data-sourcepos=\"11:1-11:123\">Then, you can walk the walkways in front of the glacier and feel like an explorer in Antarctica.<\/p>\n<p data-sourcepos=\"13:1-13:25\">This package includes:<\/p>\n<ul data-sourcepos=\"15:1-19:0\">\n<li data-sourcepos=\"15:1-15:28\">Transfer from El Calafate<\/li>\n<li data-sourcepos=\"16:1-16:34\">Navigation on Lake Argentino<\/li>\n<li data-sourcepos=\"17:1-17:29\">Walk along the catwalks<\/li>\n<\/ul>\n<p data-sourcepos=\"20:1-20:61\">Reserve your spot now and don&#8217;t miss this opportunity!<\/p>\n","protected":false},"featured_media":124765,"template":"","meta":[],"product_brand":[],"product_cat":[1109,1108],"product_tag":[1145,1149,1150],"class_list":{"0":"post-124763","1":"product","2":"type-product","3":"status-publish","4":"has-post-thumbnail","6":"mes-marzo-en","7":"mes-noviembre-en","8":"mes-abril-en","9":"mes-diciembre-en","10":"mes-mayo-en","11":"mes-junio-en","12":"mes-julio-en","13":"mes-agosto-en","14":"mes-enero-en","15":"mes-septiembre-en","16":"mes-febrero-en","17":"mes-octubre-en","18":"epoca-verano-en","19":"epoca-invierno-en","20":"epoca-todo-el-ano-en","21":"product_cat-calafate-packages","22":"product_cat-glaciers","23":"product_tag-el-calafate-en","24":"product_tag-navigation","25":"product_tag-perito-moreno-glacier","27":"first","28":"instock","29":"virtual","30":"sold-individually","31":"purchasable","32":"product-type-booking"},"acf":[],"_links":{"self":[{"href":"https:\/\/tolkeyenpatagonia.com\/en\/wp-json\/wp\/v2\/product\/124763","targetHints":{"allow":["GET"]}}],"collection":[{"href":"https:\/\/tolkeyenpatagonia.com\/en\/wp-json\/wp\/v2\/product"}],"about":[{"href":"https:\/\/tolkeyenpatagonia.com\/en\/wp-json\/wp\/v2\/types\/product"}],"wp:featuredmedia":[{"embeddable":true,"href":"https:\/\/tolkeyenpatagonia.com\/en\/wp-json\/wp\/v2\/media\/124765"}],"wp:attachment":[{"href":"https:\/\/tolkeyenpatagonia.com\/en\/wp-json\/wp\/v2\/media?parent=124763"}],"wp:term":[{"taxonomy":"product_brand","embeddable":true,"href":"https:\/\/tolkeyenpatagonia.com\/en\/wp-json\/wp\/v2\/product_brand?post=124763"},{"taxonomy":"product_cat","embeddable":true,"href":"https:\/\/tolkeyenpatagonia.com\/en\/wp-json\/wp\/v2\/product_cat?post=124763"},{"taxonomy":"product_tag","embeddable":true,"href":"https:\/\/tolkeyenpatagonia.com\/en\/wp-json\/wp\/v2\/product_tag?post=124763"}],"curies":[{"name":"wp","href":"https:\/\/api.w.org\/{rel}","templated":true}]}}