{"id":123354,"date":"2021-11-10T16:09:09","date_gmt":"2022-12-14T17:45:48","guid":{"rendered":"https:\/\/tolkeyenpatagonia.com\/producto\/lagos-offroad\/"},"modified":"2025-09-23T12:00:40","modified_gmt":"2025-09-23T15:00:40","slug":"lagos-off-road","status":"publish","type":"product","link":"https:\/\/tolkeyenpatagonia.com\/en\/product\/lagos-off-road\/","title":{"rendered":"Lagos 4&#215;4 Off road"},"content":{"rendered":"<h2 style=\"text-align: center;\"><strong>\u00a0Aventura Lagos 4&#215;4 Off road<\/strong><\/h2>\n<h4 style=\"text-align: center;\"><span style=\"color: #34568a;\"><b>EXPERIENCIA TOLKEYEN<\/b><\/span><\/h4>\n<p>Lagos 4&#215;4 Off road es nuestra manera divertida e intensa de conocer los secretos que se esconden detr\u00e1s de los Andes del Sur. Es apta para todo tipo de viajero y se aleja de la rutina de las excursiones convencionales. Dedique un d\u00eda a relajarse, recorrer y divertirse en esta excursi\u00f3n, donde la experiencia fuera de ruta es algo serio!<\/p>\n<h3>\u00bfC\u00f3mo es la excursi\u00f3n?<\/h3>\n<p>Avent\u00farese, como el naturalista y el fot\u00f3grafo que descubren la felicidad en un paisaje. Desde la Cordillera, avistaremos el Lago Escondido, una peque\u00f1a maravilla oculta en el fondo de un valle. De ah\u00ed su nombre ya que estar\u00e1 escondido entre nubes y monta\u00f1as enormes. Luego, el gigantesco Lago Fagnano, imponente y magno, ser\u00e1 el centro de nuestro d\u00eda. Una experiencia fascinante d\u00f3nde podr\u00e1s tomar fotograf\u00edas maravillosas y pasar un momento en aut\u00e9ntica conexi\u00f3n con los escenarios naturales.<\/p>\n<p>La diversi\u00f3n y el disfrute no dependen jam\u00e1s del clima: a bordo de una veh\u00edculo 4&#215;4 cruzaremos el bosque y los r\u00edos por caminos imposibles de barro, entre \u00e1rboles y por el borde de un lago con vistas \u00fanicas.<\/p>\n<p>La compa\u00f1\u00eda del gu\u00eda, la comida y los Malbec argentinos compartidos con viajeros de todo el mundo ser\u00e1n memorables.<\/p>\n<p>&nbsp;<\/p>\n","protected":false},"excerpt":{"rendered":"<h2>Discover the Fuegian Lakes with an off-road excursion<\/h2>\n<p data-sourcepos=\"5:1-5:117\">Would you like to live a unique experience in Patagonia? Don&#8217;t miss the Fuegian Lakes but in adventure mode, with 4&#215;4 vehicles!<\/p>\n<p data-sourcepos=\"7:1-7:140\">On this excursion you will tour the beautiful landscapes of the Andes Mountains, visiting Lake Escondido and Lake Fagnano.<\/p>\n<p data-sourcepos=\"9:1-9:184\">Lago Escondido is a mirror of crystal clear water, surrounded by Patagonian forests. Lake Fagnano is the largest in Tierra del Fuego, with a surface area of \u200b\u200b110 square kilometers.<\/p>\n<p data-sourcepos=\"11:1-11:168\">During the tour, you will be able to enjoy nature in its purest form, hike, take photographs and learn about the history and culture of Patagonia.<\/p>\n<p data-sourcepos=\"13:1-13:60\">Reserve your place now and live this experience of pure 4&#215;4 adventure!<\/p>\n<p><strong>For purchases made in less than 48 hours, contact us via WhatsApp.<\/strong><\/p>\n<p>Prices may vary depending on dates and seasons.<\/p>\n","protected":false},"featured_media":178666,"template":"","meta":[],"product_brand":[],"product_cat":[1213,1147,1097],"product_tag":[1124,1126,1125],"class_list":{"0":"post-123354","1":"product","2":"type-product","3":"status-publish","4":"has-post-thumbnail","6":"destino-ushuaia-en-2","7":"mes-marzo-en","8":"mes-noviembre-en","9":"mes-abril-en","10":"mes-diciembre-en","11":"mes-mayo-en","12":"mes-enero-en","13":"mes-febrero-en","14":"mes-octubre-en","15":"epoca-verano-en","16":"product_cat-foodie-en","17":"product_cat-adventure-turism","18":"product_cat-fuegian-lakes","19":"product_tag-adventure-in-ushuaia","20":"product_tag-fuegian-lakes","21":"product_tag-lagos-off-road-en","23":"first","24":"instock","25":"virtual","26":"sold-individually","27":"purchasable","28":"product-type-booking"},"acf":[],"_links":{"self":[{"href":"https:\/\/tolkeyenpatagonia.com\/en\/wp-json\/wp\/v2\/product\/123354","targetHints":{"allow":["GET"]}}],"collection":[{"href":"https:\/\/tolkeyenpatagonia.com\/en\/wp-json\/wp\/v2\/product"}],"about":[{"href":"https:\/\/tolkeyenpatagonia.com\/en\/wp-json\/wp\/v2\/types\/product"}],"wp:featuredmedia":[{"embeddable":true,"href":"https:\/\/tolkeyenpatagonia.com\/en\/wp-json\/wp\/v2\/media\/178666"}],"wp:attachment":[{"href":"https:\/\/tolkeyenpatagonia.com\/en\/wp-json\/wp\/v2\/media?parent=123354"}],"wp:term":[{"taxonomy":"product_brand","embeddable":true,"href":"https:\/\/tolkeyenpatagonia.com\/en\/wp-json\/wp\/v2\/product_brand?post=123354"},{"taxonomy":"product_cat","embeddable":true,"href":"https:\/\/tolkeyenpatagonia.com\/en\/wp-json\/wp\/v2\/product_cat?post=123354"},{"taxonomy":"product_tag","embeddable":true,"href":"https:\/\/tolkeyenpatagonia.com\/en\/wp-json\/wp\/v2\/product_tag?post=123354"}],"curies":[{"name":"wp","href":"https:\/\/api.w.org\/{rel}","templated":true}]}}