{"id":122757,"date":"2021-12-16T15:32:33","date_gmt":"2022-12-14T17:05:20","guid":{"rendered":"https:\/\/tolkeyenpatagonia.com\/producto\/escondido-lake-and-fagnano-excursion\/"},"modified":"2025-12-27T15:50:59","modified_gmt":"2025-12-27T18:50:59","slug":"escondido-lake-and-fagnano-excursion","status":"publish","type":"product","link":"https:\/\/tolkeyenpatagonia.com\/en\/product\/escondido-lake-and-fagnano-excursion\/","title":{"rendered":"Escondido Lake and Fagnano Excursion"},"content":{"rendered":"<h2 style=\"text-align: center;\"><strong>VIAJE A LOS LAGOS FUEGUINOS<\/strong><\/h2>\n<h3 style=\"text-align: center;\"><b>EXPERIENCIA TOLKEYEN<\/b><\/h3>\n<p>Saliendo de la ciudad de Ushuaia, transitaremos la ruta nacional Nro. 3, en direcci\u00f3n noreste, hacia los picos monta\u00f1osos, Monte Olivia y Cinco Hermanos.<br \/>\nEn el recorrido a lo largo del Valle Carbajal observaremos glaciares de circo, valles colgantes y turbales, all\u00ed haremos nuestra primera parada en el Mirador del Valle Carbajal para tomar fotograf\u00edas.<\/p>\n<p>La segunda parada la realizaremos en un Centro Invernal donde tendremos una peque\u00f1a charla orientativa del lugar donde nos encontramos mientras disfrutamos de un delicioso caf\u00e9 de monta\u00f1a.<\/p>\n<h3>Excursi\u00f3n Lago Escondido y Fagnano: llegando al Paso Garibaldi<\/h3>\n<p>Continuamos nuestro recorrido y comenzamos a subir hacia el Paso Garibaldi, siguiendo el camino sinuoso, rodeado de bosques de Lengas y \u00d1ires.<br \/>\nEn el Mirador del Paso Garibaldi, nos detendremos a disfrutar de vistas panor\u00e1micas del Lago Escondido, el Lago Fagnano y alrededores.<\/p>\n<p><img loading=\"lazy\" decoding=\"async\" class=\"alignnone wp-image-106398 size-full\" src=\"https:\/\/tolkeyenpatagonia.com\/wp-content\/uploads\/2018\/02\/Mirador-Garibaldi-Lagos.jpg\" alt=\"Excursi\u00f3n Lago Escondido y Fagnano 2\" width=\"1200\" height=\"800\" \/><\/p>\n<p>Camino hacia el Lago Fagnano, tambi\u00e9n llamado Khami en lengua nativa, podremos apreciar antiguos aserraderos y variedad de castoreras viendo el accionar de la fauna local sobre la naturaleza y c\u00f3mo modifican el medio ambiente para su supervivencia.<\/p>\n<p>Continuando hacia los pies del lago haremos parada en la Estancia \u201cLa Carmen\u201d. Aqu\u00ed podremos caminar por las sendas interpretativas y tomar fotograf\u00edas desde los amplios muelles que se sumergen en el inmenso lago. El lugar cuenta con servicios de cafeter\u00eda, snacks y ba\u00f1os para hacer una parada, tomar un descanso y luego seguir con m\u00e1s energ\u00eda.<\/p>\n<p>Luego de esta \u00faltima parada iniciaremos el regreso hacia la zona de los centros invernales, donde nos detendremos a almorzar con la posibilidad de degustar el t\u00edpico Cordero Fueguino (no incluido), para luego regresar a la ciudad de Ushuaia con un recuerdo memorable.<\/p>\n<p><strong>Excursi\u00f3n Lago Escondido y Fagnano: Para compras con menos de 48 horas comunicarse por Whatsapp.<\/strong><\/p>\n<p>Los precios pueden variar seg\u00fan fechas y temporadas.<\/p>\n","protected":false},"excerpt":{"rendered":"<h2 data-sourcepos=\"1:1-1:58\">Explore the Fuegian Lakes in a single day<\/h2>\n<p data-sourcepos=\"5:1-5:100\">Can you imagine a trip that takes you to see the two most emblematic lakes in Tierra del Fuego?<\/p>\n<p data-sourcepos=\"7:1-7:158\">On this day trip, you will travel through the Andean forests until you reach Lago Escondido, a natural paradise with crystal-clear waters and surrounded by mountains. Then, you will continue your trip to Lake Fagnano, the largest lake in the province.<\/p>\n<p data-sourcepos=\"15:1-15:127\">Along the way, you can visit the winter resorts of Tierra del Fuego and admire the views of the Andes Mountains.<\/p>\n<p data-sourcepos=\"17:1-17:82\">Book your excursion now and live an unforgettable experience in Patagonia.<\/p>\n","protected":false},"featured_media":266519,"template":"","meta":[],"product_brand":[],"product_cat":[1214,1097],"product_tag":[],"class_list":{"0":"post-122757","1":"product","2":"type-product","3":"status-publish","4":"has-post-thumbnail","6":"destino-ushuaia-en-2","7":"mes-marzo-en","8":"mes-noviembre-en","9":"mes-abril-en","10":"mes-diciembre-en","11":"mes-mayo-en","12":"mes-enero-en","13":"mes-febrero-en","14":"mes-octubre-en","15":"epoca-verano-en","16":"product_cat-winter-center","17":"product_cat-fuegian-lakes","19":"first","20":"instock","21":"virtual","22":"sold-individually","23":"purchasable","24":"product-type-booking"},"acf":[],"_links":{"self":[{"href":"https:\/\/tolkeyenpatagonia.com\/en\/wp-json\/wp\/v2\/product\/122757","targetHints":{"allow":["GET"]}}],"collection":[{"href":"https:\/\/tolkeyenpatagonia.com\/en\/wp-json\/wp\/v2\/product"}],"about":[{"href":"https:\/\/tolkeyenpatagonia.com\/en\/wp-json\/wp\/v2\/types\/product"}],"wp:featuredmedia":[{"embeddable":true,"href":"https:\/\/tolkeyenpatagonia.com\/en\/wp-json\/wp\/v2\/media\/266519"}],"wp:attachment":[{"href":"https:\/\/tolkeyenpatagonia.com\/en\/wp-json\/wp\/v2\/media?parent=122757"}],"wp:term":[{"taxonomy":"product_brand","embeddable":true,"href":"https:\/\/tolkeyenpatagonia.com\/en\/wp-json\/wp\/v2\/product_brand?post=122757"},{"taxonomy":"product_cat","embeddable":true,"href":"https:\/\/tolkeyenpatagonia.com\/en\/wp-json\/wp\/v2\/product_cat?post=122757"},{"taxonomy":"product_tag","embeddable":true,"href":"https:\/\/tolkeyenpatagonia.com\/en\/wp-json\/wp\/v2\/product_tag?post=122757"}],"curies":[{"name":"wp","href":"https:\/\/api.w.org\/{rel}","templated":true}]}}