{"id":121528,"date":"2021-12-23T15:49:30","date_gmt":"2022-12-13T17:35:38","guid":{"rendered":"https:\/\/tolkeyenpatagonia.com\/producto\/tierra-del-fuego-national-park-in-summer\/"},"modified":"2025-12-01T07:48:20","modified_gmt":"2025-12-01T10:48:20","slug":"journey-to-the-end-of-the-world-national-park-tdf","status":"publish","type":"product","link":"https:\/\/tolkeyenpatagonia.com\/en\/product\/journey-to-the-end-of-the-world-national-park-tdf\/","title":{"rendered":"Tierra del Fuego National Park"},"content":{"rendered":"<h2><strong>TRAVESIA EN EL PARQUE NACIONAL TIERRA DEL FUEGO EN VERANO<\/strong><\/h2>\n<h4><b>EXPERIENCIA TOLKEYEN<\/b><\/h4>\n<p>Parque Nacional Tierra del Fuego: Saliendo de la ciudad de Ushuaia, en direcci\u00f3n sudoeste, transitaremos la ruta nacional Nro. 3, hacia el Parque Nacional Tierra del Fuego. Luego de cruzar el puente del R\u00edo Pipo, junto al Golf Club Ushuaia, llegaremos a la estaci\u00f3n del Ferrocarril Austral Fueguino, el Tren del Fin del Mundo. Luego de la visita a esta pintoresca estaci\u00f3n donde podremos aprender un poco de la historia de este m\u00edtico Tren aquellos pasajeros que deseen abordar el Tren del Fin del Mundo en forma opcional podr\u00e1n hacerlo. La estaci\u00f3n cuenta con servicios sanitarios para quienes lo requieran.<\/p>\n<p>El resto del grupo continua el recorrido 2 kil\u00f3metros m\u00e1s e ingresa al Parque Nacional, \u00e1rea reservada para la protecci\u00f3n del Bosque Subant\u00e1rtico, flora y fauna aut\u00f3ctona. Visitamos Bah\u00eda Ensenada desde donde tendremos excelentes vistas panor\u00e1micas del Canal Beagle y sus Islas y luego nos dirigimos a la Estaci\u00f3n Terminal del Tren donde nos volvemos a reunir con el resto del grupo. En esta \u00faltima tambi\u00e9n contamos con servicios sanitarios.<\/p>\n<h3>\u00bfC\u00f3mo sigue la traves\u00eda?<\/h3>\n<p>Por el camino rodeado de bosques de Lengas y turbales, llegaremos hasta el Lago Acigami (antes Lago Roca), lago de origen glaciario, cuya, enmarcado por monta\u00f1as y bosques, donde es posible avistar ejemplares de aves aut\u00f3ctonas.<\/p>\n<p>A pocos minutos del lago Acigami haremos una parada en el Centro de Visitantes Alakush donde dispondremos de 20 minutos libres, aproximadamente. El mismo cuenta con servicios se cafeter\u00eda, restaurante, ba\u00f1os, tienda de suvenir y un peque\u00f1o museo.<\/p>\n<p>El \u00faltimo tramo de la excursi\u00f3n, nos lleva hasta Bah\u00eda Lapataia, previo cruce del archipi\u00e9lago cormoranes, turbales y visita a un dique de castores.<br \/>\nEn Bah\u00eda Lapataia, adem\u00e1s de la costa marina, rica en moluscos y mejillones, encontraremos vestigios del antiguo pueblo aborigen que habitaba la regi\u00f3n. All\u00ed tendremos tiempo para recorrer la pasarela desde la cual podremos tomar fotograf\u00edas y disfrutar de la sensaci\u00f3n de estar en el fin del mundo.<\/p>\n<p>Desde este lugar, final de la Ruta Nacional Nro. 3, iniciaremos el regreso a la ciudad de Ushuaia.<\/p>\n<p><strong>NOTA IMPORTANTE:<\/strong>\u00a0Todos los descriptivos e itinerarios son ilustrativos: los tiempos de las actividades, el orden de las mismas y los atractivos visitados pueden variar, de acuerdo a la evaluaci\u00f3n del gu\u00eda y las caracter\u00edsticas del grupo.<\/p>\n<p>&nbsp;<\/p>\n<p><strong>Parque Nacional Tierra del Fuego: para compras con menos de 48 horas comunicarse por Whatsapp.<\/strong><\/p>\n<p>Los precios pueden variar seg\u00fan fechas y temporadas.<\/p>\n","protected":false},"excerpt":{"rendered":"<h2 data-sourcepos=\"5:1-5:247\">Can you imagine exploring Tierra del Fuego National Park?<\/h2>\n<p data-sourcepos=\"5:1-5:247\">With our excursion, you can live a unique and memorable experience, touring the Tierra del Fuego National Park, the southernmost point of the American continent.<\/p>\n<p data-sourcepos=\"7:1-7:204\">During the trip, you will walk through forests and rivers, and visit historical and natural sites. You will be able to enjoy the beauty of southern Patagonia, as well as the fauna and flora of the region.<\/p>\n<p data-sourcepos=\"7:1-7:204\">What else we will know, along the path surrounded by Lengas forests and peat bogs, we will reach Lake Acigami (formerly Lake Roca), a lake of glacial origin, framed by mountains and forests, where it is possible to see specimens of native birds.<\/p>\n<p data-sourcepos=\"13:1-13:74\">Reserve your place now and start planning your trip to the end of the world and get to know the southernmost National Park in the world!<\/p>\n","protected":false},"featured_media":132311,"template":"","meta":[],"product_brand":[],"product_cat":[1261,1091],"product_tag":[],"class_list":{"0":"post-121528","1":"product","2":"type-product","3":"status-publish","4":"has-post-thumbnail","6":"destino-ushuaia-en-2","7":"mes-marzo-en","8":"mes-noviembre-en","9":"mes-abril-en","10":"mes-diciembre-en","11":"mes-mayo-en","12":"mes-junio-en","13":"mes-enero-en","14":"mes-febrero-en","15":"mes-octubre-en","16":"epoca-verano-en","17":"product_cat-accessible-tourism","18":"product_cat-tierra-del-fuego-national-park","20":"first","21":"instock","22":"sale","23":"virtual","24":"sold-individually","25":"purchasable","26":"product-type-booking"},"acf":[],"_links":{"self":[{"href":"https:\/\/tolkeyenpatagonia.com\/en\/wp-json\/wp\/v2\/product\/121528","targetHints":{"allow":["GET"]}}],"collection":[{"href":"https:\/\/tolkeyenpatagonia.com\/en\/wp-json\/wp\/v2\/product"}],"about":[{"href":"https:\/\/tolkeyenpatagonia.com\/en\/wp-json\/wp\/v2\/types\/product"}],"wp:featuredmedia":[{"embeddable":true,"href":"https:\/\/tolkeyenpatagonia.com\/en\/wp-json\/wp\/v2\/media\/132311"}],"wp:attachment":[{"href":"https:\/\/tolkeyenpatagonia.com\/en\/wp-json\/wp\/v2\/media?parent=121528"}],"wp:term":[{"taxonomy":"product_brand","embeddable":true,"href":"https:\/\/tolkeyenpatagonia.com\/en\/wp-json\/wp\/v2\/product_brand?post=121528"},{"taxonomy":"product_cat","embeddable":true,"href":"https:\/\/tolkeyenpatagonia.com\/en\/wp-json\/wp\/v2\/product_cat?post=121528"},{"taxonomy":"product_tag","embeddable":true,"href":"https:\/\/tolkeyenpatagonia.com\/en\/wp-json\/wp\/v2\/product_tag?post=121528"}],"curies":[{"name":"wp","href":"https:\/\/api.w.org\/{rel}","templated":true}]}}