{"id":116947,"date":"2022-01-10T16:56:36","date_gmt":"2022-11-29T18:14:10","guid":{"rendered":"https:\/\/tolkeyenpatagonia.com\/?post_type=wc_booking&#038;p=116947"},"modified":"2024-12-03T12:41:48","modified_gmt":"2024-12-03T15:41:48","slug":"beagle-channel-the-unmissable-postcard","status":"publish","type":"product","link":"https:\/\/tolkeyenpatagonia.com\/en\/product\/beagle-channel-the-unmissable-postcard\/","title":{"rendered":"Navigation Beagle Channel to the Lighthouse"},"content":{"rendered":"<h2 style=\"text-align: center;\"><strong>CANAL BEAGLE, LA POSTAL IMPERDIBLE<\/strong><\/h2>\n<h3 style=\"text-align: center;\"><b>EXPERIENCIA TOLKEYEN<\/b><\/h3>\n<p>Comenzamos la navegaci\u00f3n saliendo desde el Muelle Tur\u00edstico de nuestra ciudad,\u00a0 en direcci\u00f3n al Canal Beagle,\u00a0 disfrutando a medida que nos alejamos, de la vista panor\u00e1mica de la costa de Ushuaia, divisando los edificios m\u00e1s importantes, Museo Mar\u00edtimo (antiguo presidio), Museo del Fin del Mundo, el \u00e1rea industrial, y los montes Olivia y Cinco Hermanos.<br \/>\nNos dirigimos a las Islas Bridges donde hacemos nuestra parada y descenso en Isla Karelo. Es importante destacar que la caminata que se hace durante esta visita no reviste ninguna dificultad y est\u00e1 al alcance de cualquier persona.<\/p>\n<p>Navegamos hacia el sudoeste, acerc\u00e1ndonos a la isla de Los Lobos, donde, desde la embarcaci\u00f3n, podremos disfrutar de la vista de ejemplares de lobos marinos, observando su h\u00e1bitat permanente, en un escenario maravilloso.<\/p>\n<p>Continuando la navegaci\u00f3n, nos dirigiremos hacia la isla de Los P\u00e1jaros, h\u00e1bitat de cormoranes magall\u00e1nicos y cormoranes Imperiales y sector privilegiado para divisar ejemplares de la avifauna marina.<br \/>\nContinuamos hacia el Faro Les Eclaireurs, en el archipi\u00e9lago del mismo nombre, donde naufrag\u00f3 el buque Monte Cervantes en el a\u00f1o 1930.<\/p>\n<p>El regreso ser\u00e1 a trav\u00e9s del Paso Chico, divisando las Estancias T\u00fanel y Fique,\u00a0 regresamos a Ushuaia, con una vista del imponente marco que le da a la ciudad el Monte Martial y el glaciar del mismo nombre.<\/p>\n<p>&nbsp;<\/p>\n<p><iframe loading=\"lazy\" title=\"Navegaci\u00f3n Canal Beagle - Tolkeyen Patagonia Turismo\" width=\"500\" height=\"281\" src=\"https:\/\/www.youtube.com\/embed\/U2dtpPr_0v8?feature=oembed\" frameborder=\"0\" allow=\"accelerometer; autoplay; clipboard-write; encrypted-media; gyroscope; picture-in-picture; web-share\" referrerpolicy=\"strict-origin-when-cross-origin\" allowfullscreen><\/iframe><\/p>\n","protected":false},"excerpt":{"rendered":"<h2 data-sourcepos=\"1:1-1:77\">Discover the natural beauty of the Beagle Channel on an unforgettable excursion<\/h2>\n<p data-sourcepos=\"3:1-3:145\">We invite you to live a unique experience in the Beagle Channel, one of the most impressive natural wonders in the world.<\/p>\n<p data-sourcepos=\"5:1-5:273\">On this 3-hour tour, you will navigate the canal, enjoying its incomparable landscapes. You will visit the Bridges Islands, where you can take a walk on Karelo Island, and the Wolf and Bird Islands, where you can observe sea lions, cormorants and other sea birds.<\/p>\n<p data-sourcepos=\"7:1-7:112\">You will also visit the Les Eclaireurs Lighthouse, a historic lighthouse located on an archipelago of the same name.<\/p>\n<p data-sourcepos=\"9:1-9:113\">This tour is perfect for those looking for a nature and adventure experience in Tierra del Fuego.<\/p>\n<p data-sourcepos=\"17:1-17:79\">Reserve your spot today and live an unforgettable experience on the Beagle Channel!<\/p>\n<p>&nbsp;<\/p>\n","protected":false},"featured_media":113947,"template":"","meta":[],"product_brand":[],"product_cat":[1261,1096],"product_tag":[],"class_list":{"0":"post-116947","1":"product","2":"type-product","3":"status-publish","4":"has-post-thumbnail","6":"destino-ushuaia-en-2","7":"mes-marzo-en","8":"mes-noviembre-en","9":"mes-abril-en","10":"mes-diciembre-en","11":"mes-mayo-en","12":"mes-junio-en","13":"mes-julio-en","14":"mes-agosto-en","15":"mes-enero-en","16":"mes-septiembre-en","17":"mes-febrero-en","18":"mes-octubre-en","19":"epoca-verano-en","20":"epoca-invierno-en","21":"epoca-todo-el-ano-en","22":"product_cat-accessible-tourism","23":"product_cat-beagle-channel-navigation","25":"first","26":"instock","27":"sale","28":"virtual","29":"sold-individually","30":"purchasable","31":"product-type-booking"},"acf":[],"_links":{"self":[{"href":"https:\/\/tolkeyenpatagonia.com\/en\/wp-json\/wp\/v2\/product\/116947","targetHints":{"allow":["GET"]}}],"collection":[{"href":"https:\/\/tolkeyenpatagonia.com\/en\/wp-json\/wp\/v2\/product"}],"about":[{"href":"https:\/\/tolkeyenpatagonia.com\/en\/wp-json\/wp\/v2\/types\/product"}],"wp:featuredmedia":[{"embeddable":true,"href":"https:\/\/tolkeyenpatagonia.com\/en\/wp-json\/wp\/v2\/media\/113947"}],"wp:attachment":[{"href":"https:\/\/tolkeyenpatagonia.com\/en\/wp-json\/wp\/v2\/media?parent=116947"}],"wp:term":[{"taxonomy":"product_brand","embeddable":true,"href":"https:\/\/tolkeyenpatagonia.com\/en\/wp-json\/wp\/v2\/product_brand?post=116947"},{"taxonomy":"product_cat","embeddable":true,"href":"https:\/\/tolkeyenpatagonia.com\/en\/wp-json\/wp\/v2\/product_cat?post=116947"},{"taxonomy":"product_tag","embeddable":true,"href":"https:\/\/tolkeyenpatagonia.com\/en\/wp-json\/wp\/v2\/product_tag?post=116947"}],"curies":[{"name":"wp","href":"https:\/\/api.w.org\/{rel}","templated":true}]}}