{"id":115767,"date":"2022-01-06T15:06:51","date_gmt":"2022-11-25T18:22:41","guid":{"rendered":"https:\/\/tolkeyenpatagonia.com\/?post_type=wc_booking&#038;p=115767"},"modified":"2025-02-28T14:12:01","modified_gmt":"2025-02-28T17:12:01","slug":"navigation-beagle-channel-to-the-penguin-colony","status":"publish","type":"product","link":"https:\/\/tolkeyenpatagonia.com\/en\/product\/navigation-beagle-channel-to-the-penguin-colony\/","title":{"rendered":"Navigation to the penguin island"},"content":{"rendered":"<h2><strong>NAVEGANDO EL CANAL BEAGLE &#8211; <\/strong><b>EXPERIENCIA TOLKEYEN HASTA LA PINGUINERA<\/b><\/h2>\n<p>Comenzamos la navegaci\u00f3n saliendo desde el Muelle Tur\u00edstico de nuestra ciudad,\u00a0 direcci\u00f3n al centro del Canal Beagle,\u00a0 disfrutando, a medida que nos alejamos, de la vista panor\u00e1mica de la costa de Ushuaia, divisando los edificios m\u00e1s importantes, Museo Mar\u00edtimo (antiguo presidio), Museo del Fin del Mundo, el \u00e1rea industrial, y los montes Olivia y Cinco Hermanos.<\/p>\n<p>Navegamos hacia el sudoeste, acerc\u00e1ndonos a la isla de Los Lobos, donde, desde la embarcaci\u00f3n, podremos disfrutar de la vista de ejemplares de lobos marinos, observando su h\u00e1bitat permanente, en un escenario maravilloso.<\/p>\n<p>Continuando la navegaci\u00f3n, nos dirigiremos hacia la isla de Los P\u00e1jaros, h\u00e1bitat de Cormoranes Magall\u00e1nicos e Cormoranes Imperiales, y sector privilegiado para divisar ejemplares de la avifauna marina.<\/p>\n<p>Continuamos la navegaci\u00f3n hacia el Faro Les Eclaireurs, en el archipi\u00e9lago del mismo nombre. En estos islotes es posible observar partes del Monte Cervantes, embarcaci\u00f3n que naufrag\u00f3 en 1930.<\/p>\n<p>Siguiendo la costa sur de la\u00a0 Isla Grande de Tierra del Fuego divisaremos la Estancia Remolino donde se halla encallado el barco Monte Sarmiento. Cruzando el Canal Beagle en direcci\u00f3n Norte-Sur divisaremos la Isla Gable y la Base Naval Puerto Williams (ubicada en la Isla Navarino, Rep\u00fablica de Chile). Al llegar a la Isla Martillo acercamos a la playa y all\u00ed permanecemos. Resulta asombroso observar como la colonia de Ping\u00fcinos Magall\u00e1nicos que nidifican durante la temporada estival se aproximan a la embarcaci\u00f3n con notable curiosidad, se introducen al mar nadando por debajo del catamar\u00e1n y volviendo a emerger. Una fiesta que nos invita a tomar incontables fotograf\u00edas.<\/p>\n<p>Desde aqu\u00ed regresamos en navegando al Muelle Tur\u00edstico,\u00a0 divisando en el camino,\u00a0 las Estancias T\u00fanel y Fique.<\/p>\n<p>1-Navegaci\u00f3n Canal Beagle: Lobos, Pajaros y Faro<br \/>\n2-Navegaci\u00f3n Pinguinera: Lobos, Pajaros, Faro y Pinguinera.<\/p>\n<p><strong>Para compras con menos de 48 horas comunicarse por Whatsapp.<\/strong><\/p>\n<p>Los precios pueden variar seg\u00fan fechas y temporadas.<\/p>\n","protected":false},"excerpt":{"rendered":"<h2 data-sourcepos=\"1:1-1:73\"><strong>Sail through the Beagle Channel and see the Martillo Island penguin colony<\/strong><\/h2>\n<p>Navigation to visit Isla de los Lobos, Isla de los P\u00e1jaros, Les Eclaireurs Lighthouse and Pinguinera (Isla Martillo)<\/p>\n<p data-sourcepos=\"3:1-3:145\"><strong>We invite you to live a unique experience in the Beagle Channel<\/strong> , one of the most impressive natural wonders in the world.<\/p>\n<p data-sourcepos=\"5:1-5:196\">On this 6-hour tour, you will navigate the canal, enjoying its incomparable landscapes. You will visit the Lobos y P\u00e1jaros Islands, where you can observe sea lions, cormorants and other sea birds.<\/p>\n<p data-sourcepos=\"7:1-7:112\">You will also visit the Les Eclaireurs Lighthouse, a historic lighthouse located on an archipelago of the same name.<\/p>\n<p data-sourcepos=\"9:1-9:137\"><strong>The highlight of the tour is a visit to the Martillo Island penguin colony, where you can see Magellanic penguins up close.<\/strong><\/p>\n<p data-sourcepos=\"11:1-11:113\"><strong>This tour is perfect for those looking for a nature and adventure experience in Tierra del Fuego. <\/strong><\/p>\n<p data-sourcepos=\"13:1-13:26\"><strong>Additional Information:<\/strong><\/p>\n<ul data-sourcepos=\"15:1-18:0\">\n<li data-sourcepos=\"15:1-15:93\">The tour includes boat transfer, bilingual guide and entrance fees to the places visited.<\/li>\n<li data-sourcepos=\"16:1-16:42\">The difficulty level of the tour is low.<\/li>\n<li data-sourcepos=\"17:1-18:0\">It is advisable to wear comfortable clothing and appropriate walking shoes.<\/li>\n<\/ul>\n<p data-sourcepos=\"19:1-19:79\"><strong>Reserve your spot today and live an unforgettable experience on the Beagle Channel!<\/strong><\/p>\n","protected":false},"featured_media":264777,"template":"","meta":[],"product_brand":[],"product_cat":[1261,1096],"product_tag":[],"class_list":{"0":"post-115767","1":"product","2":"type-product","3":"status-publish","4":"has-post-thumbnail","6":"destino-ushuaia-en-2","7":"mes-marzo-en","8":"mes-noviembre-en","9":"mes-diciembre-en","10":"mes-enero-en","11":"mes-febrero-en","12":"mes-octubre-en","13":"epoca-verano-en","14":"product_cat-accessible-tourism","15":"product_cat-beagle-channel-navigation","17":"first","18":"instock","19":"virtual","20":"sold-individually","21":"purchasable","22":"product-type-booking"},"acf":[],"_links":{"self":[{"href":"https:\/\/tolkeyenpatagonia.com\/en\/wp-json\/wp\/v2\/product\/115767","targetHints":{"allow":["GET"]}}],"collection":[{"href":"https:\/\/tolkeyenpatagonia.com\/en\/wp-json\/wp\/v2\/product"}],"about":[{"href":"https:\/\/tolkeyenpatagonia.com\/en\/wp-json\/wp\/v2\/types\/product"}],"wp:featuredmedia":[{"embeddable":true,"href":"https:\/\/tolkeyenpatagonia.com\/en\/wp-json\/wp\/v2\/media\/264777"}],"wp:attachment":[{"href":"https:\/\/tolkeyenpatagonia.com\/en\/wp-json\/wp\/v2\/media?parent=115767"}],"wp:term":[{"taxonomy":"product_brand","embeddable":true,"href":"https:\/\/tolkeyenpatagonia.com\/en\/wp-json\/wp\/v2\/product_brand?post=115767"},{"taxonomy":"product_cat","embeddable":true,"href":"https:\/\/tolkeyenpatagonia.com\/en\/wp-json\/wp\/v2\/product_cat?post=115767"},{"taxonomy":"product_tag","embeddable":true,"href":"https:\/\/tolkeyenpatagonia.com\/en\/wp-json\/wp\/v2\/product_tag?post=115767"}],"curies":[{"name":"wp","href":"https:\/\/api.w.org\/{rel}","templated":true}]}}