{"id":114059,"date":"2020-12-14T17:21:02","date_gmt":"2020-12-14T20:21:02","guid":{"rendered":"https:\/\/tolkeyenpatagonia.com\/producto\/paquete-para-recorrer-ushuaia-en-3-dias\/"},"modified":"2024-12-03T13:06:17","modified_gmt":"2024-12-03T16:06:17","slug":"paquete-para-recorrer-ushuaia-en-3-dias","status":"publish","type":"product","link":"https:\/\/tolkeyenpatagonia.com\/en\/product\/paquete-para-recorrer-ushuaia-en-3-dias\/","title":{"rendered":"Special package: Ushuaia in 3 Days"},"content":{"rendered":"<h2 style=\"text-align: center;\"><span style=\"color: #000000;\"><strong>TRASLADOS DE AEROPUERTO +\u00a0<\/strong><\/span><span style=\"color: #000000;\"><strong>PARQUE NACIONAL TIERRA DEL FUEGO + <\/strong><\/span><span style=\"color: #000000;\"><strong>NAVEGACI\u00d3N POR EL CANAL BEAGLE + LAGOS FUEGUINOS\u00a0<\/strong><\/span><\/h2>\n<h3 style=\"text-align: center;\"><span style=\"color: #000000;\"><strong><br \/>\n<span style=\"color: #34568a;\">TODO EN UN SOLO PAQUETE PARA DISFRUTAR DE USHUAIA<\/span><\/strong><\/span><\/h3>\n<p style=\"text-align: center;\"><span style=\"color: #3366ff; font-size: 18pt;\"><b>EXPERIENCIA TOLKEYEN<\/b><\/span><\/p>\n<h2><strong>\u00a0<\/strong><strong>Excursi\u00f3n al Parque Nacional Tierra del Fuego<\/strong><\/h2>\n<p><strong><em>SALIDA POR LA MA\u00d1ANA.<\/em><br \/>\n<\/strong><\/p>\n<p>Saliendo de la ciudad de Ushuaia, en direcci\u00f3n sudoeste, transitaremos la ruta nacional Nro. 3, hacia el Parque Nacional Tierra\u00a0 del Fuego.<br \/>\nAquellos pasajeros que deseen abordar el Tren del Fin del Mundo en forma opcional podr\u00e1n hacerlo. El resto del grupo lo aguardar\u00e1 al final del recorrido.<\/p>\n<p>Continuamos el recorrido 2 kil\u00f3metros m\u00e1s e ingresamos al Parque Nacional, \u00e1rea reservada para la protecci\u00f3n del Bosque Subant\u00e1rtico,\u00a0 flora y fauna aut\u00f3ctona.<\/p>\n<p>Por el camino rodeado de bosques de Lengas y turbales, llegaremos hasta el Lago Acigami (ex Roca), lago de origen glaciario, cuya superficie es de 5,50 kil\u00f3metros cuadrados, enmarcado por monta\u00f1as y\u00a0 bosques, donde es posible avistar ejemplares de aves aut\u00f3ctonas.<\/p>\n<p>En Bah\u00eda Lapataia, adem\u00e1s de la costa marina, rica en moluscos y mejillones,\u00a0 encontraremos vestigios\u00a0 del antiguo pueblo aborigen\u00a0 que habitaba la regi\u00f3n. All\u00ed tendremos tiempo para recorrer la pasarela desde la cual podremos tomar fotograf\u00edas y disfrutar de la sensaci\u00f3n de estar en el fin del mundo.<\/p>\n<p>Desde este lugar, final de la Ruta Nacional Nro. 3,\u00a0 iniciaremos\u00a0 el regreso a la ciudad de Ushuaia \u00a0finalizando en muelle tur\u00edstico. Contar\u00e1n con aproximadamente 1hora libre hasta el inicio del embarque para el embarque.<\/p>\n<hr \/>\n<h2><strong>Navegaci\u00f3n por el Canal Beagle<\/strong><\/h2>\n<p><strong><em>SALIDA POR LA TARDE<\/em><br \/>\n<\/strong><\/p>\n<p>Comenzamos la navegaci\u00f3n saliendo desde el Muelle Tur\u00edstico de nuestra ciudad,\u00a0 en direcci\u00f3n al Canal Beagle,\u00a0 disfrutando a medida que nos alejamos, de la vista panor\u00e1mica de la costa de Ushuaia, divisando los edificios m\u00e1s importantes, Museo Mar\u00edtimo (antiguo presidio), Museo del Fin del Mundo, el \u00e1rea industrial, y los montes Olivia y Cinco Hermanos.<\/p>\n<p>Navegamos hacia el sudoeste, acerc\u00e1ndonos a la isla de Los Lobos, donde, desde la embarcaci\u00f3n, podremos disfrutar de la vista de ejemplares de lobos marinos, observando su h\u00e1bitat permanente, en un escenario maravilloso.<\/p>\n<p>Continuando la navegaci\u00f3n, nos dirigiremos hacia la isla de Los P\u00e1jaros, h\u00e1bitat de cormoranes magall\u00e1nicos y cormoranes Imperiales y sector privilegiado para divisar ejemplares de la avifauna marina.<\/p>\n<p>Continuamos hacia el Faro Les Eclaireurs, en el archipi\u00e9lago del mismo nombre, donde naufrag\u00f3 el buque Monte Cervantes en el a\u00f1o 1930.<\/p>\n<p>Puntos que visita la navegaci\u00f3n:<\/p>\n<p>*Isla de los Lobos<br \/>\n*Isla de los P\u00e1jaros<br \/>\n*Faro Les Eclaireurs<\/p>\n<p>El regreso al hotel desde el puerto es por cuenta de cada pasajero.<\/p>\n<hr \/>\n<h2><span style=\"font-size: 14pt;\"><strong>Lagos Fueguinos\u00a0<\/strong><\/span><\/h2>\n<p><span style=\"font-size: 12pt;\">Saliendo de la ciudad de Ushuaia, transitaremos la ruta nacional Nro. 3, en direcci\u00f3n noreste, hacia\u00a0 los picos monta\u00f1osos,\u00a0 Monte Olivia y\u00a0 Cinco Hermanos.<\/span><\/p>\n<p><span style=\"font-size: 12pt;\">En el recorrido a los largo del Valle Carbajal,\u00a0 observaremos glaciares de circo, valles colgantes y turberas en explotaci\u00f3n.<\/span><\/p>\n<p><span style=\"font-size: 12pt;\">Continuamos nuestro recorrido, encontraremos valles de turba, peque\u00f1os glaciares, centros de ski de fondo y actividades de nieve, el complejo de ski alpino Cerro Castor,\u00a0 cascadas y ambientes modificados por el accionar de los Castores.<\/span><\/p>\n<p><span style=\"font-size: 12pt;\">En el Mirador del Paso Garibaldi, nos detendremos a disfrutar de vistas panor\u00e1micas del Lago Escondido, el Lago Fagnano y alrededores.<br \/>\n<\/span><\/p>\n<p>En verano continuaremos hasta la costa del Lago Fagnano (Acigami en lengua nativa) para disfrutar su hermosa costa en la Estancia La Carmen. En invierno, inici<span style=\"font-size: 12pt;\">amos el regreso hacia la zona de los centros invernales, donde nos detendremos en uno de ellos,\u00a0 con tiempo libre para almorzar. En invierno es posible realizar actividades de nieve de manera opcional. Luego regresamos\u00a0 a la ciudad de Ushuaia.<\/span><\/p>\n<p><strong>Informaci\u00f3n t\u00e9cnica<\/strong><\/p>\n<ul>\n<li><strong>DURACI\u00d3N<\/strong>: Las tres excursiones pueden tomarse separadas, 1 por d\u00eda, o en 2 d\u00edas combinando Parque + Navegaci\u00f3n y al d\u00eda siguiente Lagos.<\/li>\n<li><strong>FRECUENCIA<\/strong>: Todo el a\u00f1o.<\/li>\n<li><strong>PUNTO DE ENCUENTRO<\/strong>: Para los traslados, el Parque Nacional y Lagos la recogida es por su hotel. La navegaci\u00f3n no cuenta con traslados.<\/li>\n<li><strong>INCLUYE<\/strong>: Tasa de puerto.<\/li>\n<li><strong>NO INCLUYE:\u00a0<\/strong>Ingreso al Parque Nacional Tierra del Fuego. Almuerzos.<\/li>\n<li><strong>OPCIONALES<\/strong>: Ticket del Tren del Fin del Mundo.<\/li>\n<li><strong>GRADO DE DIFICULTAD<\/strong>: F\u00e1cil.<\/li>\n<li><strong>RECOMENDACIONES<\/strong>: Abrigo (gorro, guantes, campera, impermeable).\u00a0 En verano: Lentes y protector solar.<\/li>\n<\/ul>\n<p><strong>NOTA IMPORTANTE:\u00a0<\/strong>Todos los descriptivos e itinerarios son ilustrativos: los tiempos de las actividades, el orden de las mismas y los atractivos visitados pueden variar, de acuerdo a la evaluaci\u00f3n del capit\u00e1n y de las condiciones clim\u00e1ticas.<\/p>\n<p><iframe loading=\"lazy\" title=\"\u00bfQu\u00e9 hacer en Ushuaia en 3 d\u00edas? - Tolkeyen Patagonia Turismo\" width=\"500\" height=\"375\" src=\"https:\/\/www.youtube.com\/embed\/kNP75BjN4n8?feature=oembed\" frameborder=\"0\" allow=\"accelerometer; autoplay; clipboard-write; encrypted-media; gyroscope; picture-in-picture; web-share\" referrerpolicy=\"strict-origin-when-cross-origin\" allowfullscreen><\/iframe><\/p>\n<hr \/>\n<h2>TRASLADOS IN \/ OUT AEROPUERTO USHUAIA:<\/h2>\n<p>A su llegada, nuestro gu\u00eda estar\u00e1 esperando en el aeropuerto con un cartel a su nombre.<\/p>\n<p>Para poder brindar ambos servicios de traslado se debe informar:<\/p>\n<ul>\n<li>FECHAS DE LLEGADA Y SALIDA<\/li>\n<li>NUMEROS DE VUELO DE LLEGADA Y SALIDA<\/li>\n<li>HOTEL<\/li>\n<li>CODIGO DE RESERVA AEREOS (6 d\u00edgitos). Este dato es para verificar estado de vuelos.<\/li>\n<\/ul>\n<p><strong>Para compras con menos de 48 horas comunicarse por Whatsapp.<\/strong><\/p>\n<p>Los precios pueden variar seg\u00fan fechas y temporadas.<\/p>\n","protected":false},"excerpt":{"rendered":"<h2>Explore Ushuaia in 3 days: an unforgettable trip to the end of the world<\/h2>\n<p>Are you looking for a unique experience at the end of the world?<\/p>\n<p>Our 3-day package in Ushuaia allows you to discover the main attractions of the city and its surroundings. You also have the transfer from the airport solved.<\/p>\n<ul>\n<li>Navigation through the Beagle Channel<\/li>\n<li>Tierra del Fuego National Park<\/li>\n<li>Airport transfer in\/out<\/li>\n<li>Fuegian Lakes<\/li>\n<\/ul>\n<p data-sourcepos=\"42:1-42:64\">Book now and live an unforgettable experience in Ushuaia, Tierra del Fuego!<\/p>\n","protected":false},"featured_media":74459,"template":"","meta":[],"product_brand":[],"product_cat":[1214,1096,1097,806,804,1091,805],"product_tag":[],"class_list":{"0":"post-114059","1":"product","2":"type-product","3":"status-publish","4":"has-post-thumbnail","6":"destino-ushuaia-en-2","7":"mes-marzo-en","8":"mes-noviembre-en","9":"mes-abril-en","10":"mes-diciembre-en","11":"mes-mayo-en","12":"mes-junio-en","13":"mes-julio-en","14":"mes-agosto-en","15":"mes-enero-en","16":"mes-septiembre-en","17":"mes-febrero-en","18":"mes-octubre-en","19":"epoca-verano-en","20":"epoca-invierno-en","21":"epoca-todo-el-ano-en","22":"product_cat-winter-center","23":"product_cat-beagle-channel-navigation","24":"product_cat-fuegian-lakes","25":"product_cat-invierno-en","26":"product_cat-paquetes-ushuaia-en","27":"product_cat-tierra-del-fuego-national-park","28":"product_cat-traslados-en","30":"first","31":"instock","32":"sale","33":"virtual","34":"sold-individually","35":"purchasable","36":"product-type-booking"},"acf":[],"_links":{"self":[{"href":"https:\/\/tolkeyenpatagonia.com\/en\/wp-json\/wp\/v2\/product\/114059","targetHints":{"allow":["GET"]}}],"collection":[{"href":"https:\/\/tolkeyenpatagonia.com\/en\/wp-json\/wp\/v2\/product"}],"about":[{"href":"https:\/\/tolkeyenpatagonia.com\/en\/wp-json\/wp\/v2\/types\/product"}],"wp:featuredmedia":[{"embeddable":true,"href":"https:\/\/tolkeyenpatagonia.com\/en\/wp-json\/wp\/v2\/media\/74459"}],"wp:attachment":[{"href":"https:\/\/tolkeyenpatagonia.com\/en\/wp-json\/wp\/v2\/media?parent=114059"}],"wp:term":[{"taxonomy":"product_brand","embeddable":true,"href":"https:\/\/tolkeyenpatagonia.com\/en\/wp-json\/wp\/v2\/product_brand?post=114059"},{"taxonomy":"product_cat","embeddable":true,"href":"https:\/\/tolkeyenpatagonia.com\/en\/wp-json\/wp\/v2\/product_cat?post=114059"},{"taxonomy":"product_tag","embeddable":true,"href":"https:\/\/tolkeyenpatagonia.com\/en\/wp-json\/wp\/v2\/product_tag?post=114059"}],"curies":[{"name":"wp","href":"https:\/\/api.w.org\/{rel}","templated":true}]}}