{"id":113675,"date":"2021-01-12T19:26:34","date_gmt":"2021-01-12T22:26:34","guid":{"rendered":"https:\/\/tolkeyenpatagonia.com\/producto\/navigation-beagle-channel-to-the-penguin-colony-tierra-del-fuego-national-park\/"},"modified":"2026-03-31T11:48:13","modified_gmt":"2026-03-31T14:48:13","slug":"navigation-beagle-channel-to-the-penguin-colony-national-park-tierra-del-fuego","status":"publish","type":"product","link":"https:\/\/tolkeyenpatagonia.com\/en\/product\/navigation-beagle-channel-to-the-penguin-colony-national-park-tierra-del-fuego\/","title":{"rendered":"Tierra del Fuego National Park + Pinguinera"},"content":{"rendered":"<h2 style=\"text-align: center;\"><strong>PAQUETE DE EXCURSIONES EN USHUAIA<\/strong><\/h2>\n<h2 style=\"text-align: center;\"><strong> PARQUE NACIONAL TIERRA DEL FUEGO+ PINGUINERA EN EL CANAL BEAGLE<\/strong><\/h2>\n<h4 style=\"text-align: center;\"><span style=\"font-size: 18pt; color: #34568a;\"><b>EXPERIENCIA TOLKEYEN\u00a0<\/b><\/span><\/h4>\n<p>Descubr\u00ed dos excursiones que te dar\u00e1n una perspectiva general de Ushuaia: Parque Nacional Tierra del Fuego + Pinguinera y tom\u00e1 las mejores fotos de un viaje inolvidable. El hermoso parque nacional te mostrar\u00e1 la fauna, la flora y una naturaleza circundante que te dejar\u00e1 maravillado. Mientras que la ping\u00fcinera es una excursi\u00f3n emblem\u00e1tica del fin del mundo para la temporada de primavera\/verano. Dos experiencias imperdibles para todo el grupo familiar. Te contamos de qu\u00e9 se trata cada una.<\/p>\n<h3 style=\"text-align: left;\"><strong><br \/>\nPARQUE NACIONAL TIERRA DEL FUEGO<\/strong><\/h3>\n<p><strong><em>SALIDA POR LA MA\u00d1ANA.<\/em><\/strong><\/p>\n<p>Saliendo de la ciudad de Ushuaia, en direcci\u00f3n sudoeste, transitaremos la ruta nacional Nro. 3, hacia el Parque Nacional Tierra\u00a0 del Fuego.<\/p>\n<p>Luego de cruzar el puente del R\u00edo Pipo,\u00a0 junto al Golf Club Ushuaia, llegaremos a la\u00a0 estaci\u00f3n del Ferrocarril Austral Fueguino, el Tren del Fin del mundo. Aquellos pasajeros que deseen abordar el Tren del Fin del Mundo en forma opcional podr\u00e1n hacerlo. El resto del grupo lo aguardar\u00e1 al final del recorrido.<br \/>\nPor el camino rodeado de bosques de Lengas y turbales, llegaremos hasta el Lago Acigami (ex Roca), lago de origen glaciario, cuya superficie es de 5,50 kil\u00f3metros cuadrados, enmarcado por monta\u00f1as y\u00a0 bosques, donde es posible avistar ejemplares de aves aut\u00f3ctonas.<\/p>\n<p>En el \u00e1rea de servicios, dispondremos de 30 minutos libres, aproximadamente.<br \/>\nEn Bah\u00eda Lapataia, adem\u00e1s de la costa marina, rica en moluscos y mejillones,\u00a0 encontraremos vestigios\u00a0 del antiguo pueblo aborigen\u00a0 que habitaba la regi\u00f3n. All\u00ed tendremos tiempo para recorrer la pasarela desde la cual podremos tomar fotograf\u00edas y disfrutar de la sensaci\u00f3n de estar en el fin del mundo.<br \/>\nDesde este lugar, final de la Ruta Nacional Nro. 3,\u00a0 iniciaremos\u00a0 el regreso a la ciudad de Ushuaia finalizando en muelle tur\u00edstico. Contar\u00e1n con aproximadamente 1hora libre hasta el inicio del embarque para la pinguinera.<\/p>\n<h3 style=\"text-align: left;\"><strong>NAVEGACI\u00d3N PINGUINERA<\/strong><\/h3>\n<p><strong><em>SALIDA POR LA TARDE<\/em><\/strong><\/p>\n<p>Presentaci\u00f3n en oficina de Tolkeyen de MUELLE TUR\u00cdSTICO.<br \/>\nComenzaremos navegando hacia el sudoeste, acerc\u00e1ndonos a la isla de Los Lobos, donde, desde la embarcaci\u00f3n, podremos disfrutar de la vista de ejemplares de lobos marinos, observando su h\u00e1bitat permanente, en un escenario maravilloso.<br \/>\nContinuando la navegaci\u00f3n, nos dirigiremos hacia la isla de Los P\u00e1jaros, h\u00e1bitat de Cormoranes Magall\u00e1nicos e Cormoranes Imperiales, y sector privilegiado para divisar ejemplares de la avifauna marina.<br \/>\nContinuamos la navegaci\u00f3n hacia el Faro Les Eclaireurs, en el archipi\u00e9lago del mismo nombre. En estos islotes es posible observar partes del Monte Cervantes, embarcaci\u00f3n que naufrag\u00f3 en 1930.<br \/>\nAl llegar a la Isla Martillo acercamos a la playa y all\u00ed permanecemos. Resulta asombroso observar como la colonia de Ping\u00fcinos Magall\u00e1nicos que nidifican durante la temporada estival se aproximan a la embarcaci\u00f3n con notable curiosidad, se introducen al mar nadando por debajo del catamar\u00e1n y volviendo a emerger. Una fiesta que nos invita a tomar incontables fotograf\u00edas.<\/p>\n<p><strong>Informaci\u00f3n t\u00e9cnica<\/strong><\/p>\n<ul>\n<li><strong>DURACI\u00d3N<\/strong>: DIA COMPLETO entre ambas excursiones. (de 8h a 20h aproximadamente). Es posible hacerlas por separado tambi\u00e9n.<\/li>\n<li><strong>PUNTO DE ENCUENTRO<\/strong>: Inicio en su hotel, fin del tour en muelle tur\u00edstico.<\/li>\n<li><strong>INCLUYE<\/strong>: Tasa de puerto.<\/li>\n<li><strong>NO INCLUYE: <\/strong>Ingreso al Parque Nacional Tierra del Fuego. Almuerzo (cuentan con tiempo libre luego del Parque Nacional hasta el horario de salida de la navegaci\u00f3n.<\/li>\n<li><strong>OPCIONALES<\/strong>: Ticket del Tren del Fin del Mundo, debe reservarse con antelaci\u00f3n.<\/li>\n<\/ul>\n<p><strong>Para compras con menos de 48 horas comunicarse por Whatsapp.<\/strong><\/p>\n<p>Los precios pueden variar seg\u00fan fechas y temporadas.<\/p>\n","protected":false},"excerpt":{"rendered":"<p data-sourcepos=\"1:1-1:105\">Tierra del Fuego National Park, Pinguinera and Isla de los Lobos: an unmissable excursion in Ushuaia<\/p>\n<p data-sourcepos=\"3:1-3:45\">Are you looking for a unique experience in Ushuaia?<\/p>\n<p data-sourcepos=\"5:1-5:116\">This full-day excursion allows you to discover the main natural attractions of the city, including:<\/p>\n<ul data-sourcepos=\"7:1-10:0\">\n<li data-sourcepos=\"7:1-7:62\">Tierra del Fuego National Park, a natural paradise.<\/li>\n<li data-sourcepos=\"8:1-8:53\">La Pinguinera, an encounter with the local fauna.<\/li>\n<li data-sourcepos=\"9:1-10:0\">The End of the World Lighthouse, a symbol of the city.<\/li>\n<\/ul>\n","protected":false},"featured_media":178707,"template":"","meta":[],"product_brand":[],"product_cat":[1261,1096,804,1091],"product_tag":[],"class_list":{"0":"post-113675","1":"product","2":"type-product","3":"status-publish","4":"has-post-thumbnail","6":"destino-ushuaia-en-2","7":"mes-marzo-en","8":"mes-noviembre-en","9":"mes-diciembre-en","10":"mes-enero-en","11":"mes-febrero-en","12":"epoca-verano-en","13":"product_cat-accessible-tourism","14":"product_cat-beagle-channel-navigation","15":"product_cat-paquetes-ushuaia-en","16":"product_cat-tierra-del-fuego-national-park","18":"first","19":"instock","20":"virtual","21":"sold-individually","22":"purchasable","23":"product-type-booking"},"acf":[],"_links":{"self":[{"href":"https:\/\/tolkeyenpatagonia.com\/en\/wp-json\/wp\/v2\/product\/113675","targetHints":{"allow":["GET"]}}],"collection":[{"href":"https:\/\/tolkeyenpatagonia.com\/en\/wp-json\/wp\/v2\/product"}],"about":[{"href":"https:\/\/tolkeyenpatagonia.com\/en\/wp-json\/wp\/v2\/types\/product"}],"wp:featuredmedia":[{"embeddable":true,"href":"https:\/\/tolkeyenpatagonia.com\/en\/wp-json\/wp\/v2\/media\/178707"}],"wp:attachment":[{"href":"https:\/\/tolkeyenpatagonia.com\/en\/wp-json\/wp\/v2\/media?parent=113675"}],"wp:term":[{"taxonomy":"product_brand","embeddable":true,"href":"https:\/\/tolkeyenpatagonia.com\/en\/wp-json\/wp\/v2\/product_brand?post=113675"},{"taxonomy":"product_cat","embeddable":true,"href":"https:\/\/tolkeyenpatagonia.com\/en\/wp-json\/wp\/v2\/product_cat?post=113675"},{"taxonomy":"product_tag","embeddable":true,"href":"https:\/\/tolkeyenpatagonia.com\/en\/wp-json\/wp\/v2\/product_tag?post=113675"}],"curies":[{"name":"wp","href":"https:\/\/api.w.org\/{rel}","templated":true}]}}