{"id":109771,"date":"2021-02-15T18:49:31","date_gmt":"2021-02-15T21:49:31","guid":{"rendered":"https:\/\/tolkeyenpatagonia.com\/producto\/tierra-del-fuego-national-park-in-winter\/"},"modified":"2025-05-19T07:55:43","modified_gmt":"2025-05-19T10:55:43","slug":"tierra-del-fuego-national-park-in-winter","status":"publish","type":"product","link":"https:\/\/tolkeyenpatagonia.com\/en\/product\/tierra-del-fuego-national-park-in-winter\/","title":{"rendered":"Tierra del Fuego National Park in Winter"},"content":{"rendered":"<h2 style=\"text-align: center;\"><strong>PARQUE NACIONAL TIERRA DEL FUEGO EN INVIERNO<\/strong><\/h2>\n<h4 style=\"text-align: center;\"><span style=\"color: #34568a; font-size: 24pt;\"><b>EXPERIENCIA TOLKEYEN<\/b><\/span><\/h4>\n<p>&nbsp;<\/p>\n<p style=\"text-align: justify;\"><span style=\"font-size: 12pt;\">Parque Nacional Tierra del Fuego en Invierno: Saliendo de la ciudad de Ushuaia, en direcci\u00f3n sudoeste, transitaremos la ruta nacional Nro. 3, hacia el Parque Nacional Tierra\u00a0 del Fuego.<\/span><\/p>\n<p style=\"text-align: justify;\"><span style=\"font-size: 12pt;\">En los once kil\u00f3metros que separan la portada del parque de la ciudad de Ushuaia,\u00a0 nos detendremos en inmediaciones del Centro H\u00edpico,\u00a0 donde tendremos excelentes\u00a0 vistas panor\u00e1micas del Canal Beagle, la pen\u00ednsula Ushuaia y los archipi\u00e9lagos Bridges, Willie y Les Eclauriers.<\/span><\/p>\n<p style=\"text-align: justify;\"><span style=\"font-size: 12pt;\">Luego de cruzar el puente del R\u00edo Pipo,\u00a0 junto al Golf Club Ushuaia, llegaremos a la\u00a0 estaci\u00f3n del Ferrocarril Austral Fueguino, el Tren del Fin del mundo. Aquellos pasajeros que deseen abordar el Tren del Fin del Mundo en forma opcional podr\u00e1n hacerlo. El resto del grupo lo aguardar\u00e1 al final del recorrido.<\/span><\/p>\n<p style=\"text-align: justify;\"><span style=\"font-size: 12pt;\">Continuamos el recorrido 2 kil\u00f3metros m\u00e1s e ingresamos al Parque Nacional, \u00e1rea reservada para la protecci\u00f3n del Bosque Subant\u00e1rtico,\u00a0 flora y fauna aut\u00f3ctona.<\/span><\/p>\n<p style=\"text-align: justify;\"><span style=\"font-size: 12pt;\">Por el camino rodeado de bosques de Lengas y turbales, llegaremos hasta el Lago Acigami (ex Roca), lago de origen glaciario, cuya superficie es de 5,50 kil\u00f3metros cuadrados, enmarcado por monta\u00f1as y\u00a0 bosques, donde es posible avistar ejemplares de aves aut\u00f3ctonas.<\/span><\/p>\n<p style=\"text-align: justify;\"><span style=\"font-size: 12pt;\">En el \u00e1rea de servicios, dispondremos de 30 minutos libres, aproximadamente.<\/span><\/p>\n<p style=\"text-align: justify;\"><span style=\"font-size: 12pt;\">En Bah\u00eda Lapataia, adem\u00e1s de la costa marina, rica en moluscos y mejillones,\u00a0 encontraremos vestigios\u00a0 del antiguo pueblo aborigen\u00a0 que habitaba la regi\u00f3n. All\u00ed tendremos tiempo para recorrer la pasarela desde la cual podremos tomar fotograf\u00edas y disfrutar de la sensaci\u00f3n de estar en el fin del mundo.<\/span><\/p>\n<p style=\"text-align: justify;\"><span style=\"font-size: 12pt;\">Desde este lugar, final de la Ruta Nacional Nro. 3,\u00a0 iniciaremos\u00a0 el regreso a la ciudad de Ushuaia.<\/span><\/p>\n<p>&nbsp;<\/p>\n<p>&nbsp;<\/p>\n<p><strong>Para compras con menos de 48 horas comunicarse por Whatsapp.<\/strong><\/p>\n<p>Los precios pueden variar seg\u00fan fechas y temporadas.<\/p>\n","protected":false},"excerpt":{"rendered":"<p data-sourcepos=\"1:1-1:68\">Experience the magic of Tierra del Fuego National Park in winter!<\/p>\n<p data-sourcepos=\"3:1-3:50\">Are you looking for a unique experience in Patagonia?<\/p>\n<p data-sourcepos=\"5:1-5:187\">This half-day excursion allows you to discover the main natural attractions of the Tierra del Fuego National Park, a magical place that changes its appearance during the winter.<\/p>\n<p data-sourcepos=\"7:1-7:149\">Enjoy a snowy landscape, the lenga and coihue forests covered in white, and the local fauna, which adapts to low temperatures.<\/p>\n<p data-sourcepos=\"16:1-16:69\">Book now and live an unforgettable experience in Patagonia!<\/p>\n","protected":false},"featured_media":109522,"template":"","meta":[],"product_brand":[],"product_cat":[1261,806,1091],"product_tag":[1090,1106],"class_list":{"0":"post-109771","1":"product","2":"type-product","3":"status-publish","4":"has-post-thumbnail","6":"destino-ushuaia-en-2","7":"mes-julio-en","8":"mes-agosto-en","9":"mes-septiembre-en","10":"epoca-invierno-en","11":"product_cat-accessible-tourism","12":"product_cat-invierno-en","13":"product_cat-tierra-del-fuego-national-park","14":"product_tag-tierra-del-fuego-national-park","15":"product_tag-trekking-ushuaia-en","17":"first","18":"instock","19":"sale","20":"sold-individually","21":"shipping-taxable","22":"purchasable","23":"product-type-booking"},"acf":[],"_links":{"self":[{"href":"https:\/\/tolkeyenpatagonia.com\/en\/wp-json\/wp\/v2\/product\/109771","targetHints":{"allow":["GET"]}}],"collection":[{"href":"https:\/\/tolkeyenpatagonia.com\/en\/wp-json\/wp\/v2\/product"}],"about":[{"href":"https:\/\/tolkeyenpatagonia.com\/en\/wp-json\/wp\/v2\/types\/product"}],"wp:featuredmedia":[{"embeddable":true,"href":"https:\/\/tolkeyenpatagonia.com\/en\/wp-json\/wp\/v2\/media\/109522"}],"wp:attachment":[{"href":"https:\/\/tolkeyenpatagonia.com\/en\/wp-json\/wp\/v2\/media?parent=109771"}],"wp:term":[{"taxonomy":"product_brand","embeddable":true,"href":"https:\/\/tolkeyenpatagonia.com\/en\/wp-json\/wp\/v2\/product_brand?post=109771"},{"taxonomy":"product_cat","embeddable":true,"href":"https:\/\/tolkeyenpatagonia.com\/en\/wp-json\/wp\/v2\/product_cat?post=109771"},{"taxonomy":"product_tag","embeddable":true,"href":"https:\/\/tolkeyenpatagonia.com\/en\/wp-json\/wp\/v2\/product_tag?post=109771"}],"curies":[{"name":"wp","href":"https:\/\/api.w.org\/{rel}","templated":true}]}}